{"id":883,"date":"2021-10-24T16:03:28","date_gmt":"2021-10-24T16:03:28","guid":{"rendered":"https:\/\/www.calec-dz.org\/?page_id=883"},"modified":"2021-10-26T14:35:41","modified_gmt":"2021-10-26T14:35:41","slug":"guide-pour-participer-a-une-videoconference-en-ligne-avec-google-meet","status":"publish","type":"page","link":"https:\/\/www.calec-dz.org\/?page_id=883","title":{"rendered":"Guide pour participer \u00e0 une vid\u00e9oconf\u00e9rence en ligne  avec Google Meet"},"content":{"rendered":"\t\t<div data-elementor-type=\"wp-page\" data-elementor-id=\"883\" class=\"elementor elementor-883\">\n\t\t\t\t\t\t<section class=\"elementor-section elementor-top-section elementor-element elementor-element-144716b elementor-section-boxed elementor-section-height-default elementor-section-height-default\" data-id=\"144716b\" data-element_type=\"section\">\n\t\t\t\t\t\t<div class=\"elementor-container elementor-column-gap-default\">\n\t\t\t\t\t<div class=\"elementor-column elementor-col-100 elementor-top-column elementor-element elementor-element-4dcb779\" data-id=\"4dcb779\" data-element_type=\"column\">\n\t\t\t<div class=\"elementor-widget-wrap elementor-element-populated\">\n\t\t\t\t\t\t<div class=\"elementor-element elementor-element-66bcfeb elementor-invisible elementor-widget elementor-widget-image\" data-id=\"66bcfeb\" data-element_type=\"widget\" data-settings=\"{&quot;_animation&quot;:&quot;fadeInDown&quot;}\" data-widget_type=\"image.default\">\n\t\t\t\t<div class=\"elementor-widget-container\">\n\t\t\t\t\t\t\t\t\t\t\t\t\t<img fetchpriority=\"high\" decoding=\"async\" width=\"792\" height=\"304\" src=\"https:\/\/www.calec-dz.org\/wp-content\/uploads\/2021\/10\/meet-1333.jpg\" class=\"attachment-1536x1536 size-1536x1536 wp-image-973\" alt=\"\" srcset=\"https:\/\/www.calec-dz.org\/wp-content\/uploads\/2021\/10\/meet-1333.jpg 792w, https:\/\/www.calec-dz.org\/wp-content\/uploads\/2021\/10\/meet-1333-300x115.jpg 300w, https:\/\/www.calec-dz.org\/wp-content\/uploads\/2021\/10\/meet-1333-768x295.jpg 768w\" sizes=\"(max-width: 792px) 100vw, 792px\" \/>\t\t\t\t\t\t\t\t\t\t\t\t\t<\/div>\n\t\t\t\t<\/div>\n\t\t\t\t\t<\/div>\n\t\t<\/div>\n\t\t\t\t\t<\/div>\n\t\t<\/section>\n\t\t\t\t<section class=\"elementor-section elementor-top-section elementor-element elementor-element-28f3c08 elementor-section-boxed elementor-section-height-default elementor-section-height-default\" data-id=\"28f3c08\" data-element_type=\"section\">\n\t\t\t\t\t\t<div class=\"elementor-container elementor-column-gap-default\">\n\t\t\t\t\t<div class=\"elementor-column elementor-col-100 elementor-top-column elementor-element elementor-element-7f15d42\" data-id=\"7f15d42\" data-element_type=\"column\">\n\t\t\t<div class=\"elementor-widget-wrap\">\n\t\t\t\t\t\t\t<\/div>\n\t\t<\/div>\n\t\t\t\t\t<\/div>\n\t\t<\/section>\n\t\t\t\t<section class=\"elementor-section elementor-top-section elementor-element elementor-element-3442cec elementor-section-boxed elementor-section-height-default elementor-section-height-default\" data-id=\"3442cec\" data-element_type=\"section\">\n\t\t\t\t\t\t<div class=\"elementor-container elementor-column-gap-default\">\n\t\t\t\t\t<div class=\"elementor-column elementor-col-100 elementor-top-column elementor-element elementor-element-752c5d7\" data-id=\"752c5d7\" data-element_type=\"column\">\n\t\t\t<div class=\"elementor-widget-wrap elementor-element-populated\">\n\t\t\t\t\t\t<div class=\"elementor-element elementor-element-5e4ff83 elementor-invisible elementor-widget elementor-widget-image\" data-id=\"5e4ff83\" data-element_type=\"widget\" data-settings=\"{&quot;_animation&quot;:&quot;zoomInDown&quot;}\" data-widget_type=\"image.default\">\n\t\t\t\t<div class=\"elementor-widget-container\">\n\t\t\t\t\t\t\t\t\t\t\t\t\t<img decoding=\"async\" width=\"792\" height=\"455\" src=\"https:\/\/www.calec-dz.org\/wp-content\/uploads\/2021\/10\/meet2.jpg\" class=\"attachment-2048x2048 size-2048x2048 wp-image-942\" alt=\"\" srcset=\"https:\/\/www.calec-dz.org\/wp-content\/uploads\/2021\/10\/meet2.jpg 792w, https:\/\/www.calec-dz.org\/wp-content\/uploads\/2021\/10\/meet2-300x172.jpg 300w, https:\/\/www.calec-dz.org\/wp-content\/uploads\/2021\/10\/meet2-768x441.jpg 768w\" sizes=\"(max-width: 792px) 100vw, 792px\" \/>\t\t\t\t\t\t\t\t\t\t\t\t\t<\/div>\n\t\t\t\t<\/div>\n\t\t\t\t\t<\/div>\n\t\t<\/div>\n\t\t\t\t\t<\/div>\n\t\t<\/section>\n\t\t\t\t<section class=\"elementor-section elementor-top-section elementor-element elementor-element-2994ff3 elementor-section-boxed elementor-section-height-default elementor-section-height-default\" data-id=\"2994ff3\" data-element_type=\"section\">\n\t\t\t\t\t\t<div class=\"elementor-container elementor-column-gap-default\">\n\t\t\t\t\t<div class=\"elementor-column elementor-col-100 elementor-top-column elementor-element elementor-element-45eafde\" data-id=\"45eafde\" data-element_type=\"column\">\n\t\t\t<div class=\"elementor-widget-wrap\">\n\t\t\t\t\t\t\t<\/div>\n\t\t<\/div>\n\t\t\t\t\t<\/div>\n\t\t<\/section>\n\t\t\t\t<section class=\"elementor-section elementor-top-section elementor-element elementor-element-8017dc6 elementor-section-boxed elementor-section-height-default elementor-section-height-default\" data-id=\"8017dc6\" data-element_type=\"section\">\n\t\t\t\t\t\t<div class=\"elementor-container elementor-column-gap-default\">\n\t\t\t\t\t<div class=\"elementor-column elementor-col-100 elementor-top-column elementor-element elementor-element-314c5e0\" data-id=\"314c5e0\" data-element_type=\"column\">\n\t\t\t<div class=\"elementor-widget-wrap elementor-element-populated\">\n\t\t\t\t\t\t<div class=\"elementor-element elementor-element-53da2da elementor-invisible elementor-widget elementor-widget-image\" data-id=\"53da2da\" data-element_type=\"widget\" data-settings=\"{&quot;_animation&quot;:&quot;zoomInLeft&quot;}\" data-widget_type=\"image.default\">\n\t\t\t\t<div class=\"elementor-widget-container\">\n\t\t\t\t\t\t\t\t\t\t\t\t\t<img decoding=\"async\" width=\"793\" height=\"328\" src=\"https:\/\/www.calec-dz.org\/wp-content\/uploads\/2021\/10\/meet3.jpg\" class=\"attachment-1536x1536 size-1536x1536 wp-image-949\" alt=\"\" srcset=\"https:\/\/www.calec-dz.org\/wp-content\/uploads\/2021\/10\/meet3.jpg 793w, https:\/\/www.calec-dz.org\/wp-content\/uploads\/2021\/10\/meet3-300x124.jpg 300w, https:\/\/www.calec-dz.org\/wp-content\/uploads\/2021\/10\/meet3-768x318.jpg 768w\" sizes=\"(max-width: 793px) 100vw, 793px\" \/>\t\t\t\t\t\t\t\t\t\t\t\t\t<\/div>\n\t\t\t\t<\/div>\n\t\t\t\t\t<\/div>\n\t\t<\/div>\n\t\t\t\t\t<\/div>\n\t\t<\/section>\n\t\t\t\t<section class=\"elementor-section elementor-top-section elementor-element elementor-element-57167e0 elementor-section-boxed elementor-section-height-default elementor-section-height-default\" data-id=\"57167e0\" data-element_type=\"section\">\n\t\t\t\t\t\t<div class=\"elementor-container elementor-column-gap-default\">\n\t\t\t\t\t<div class=\"elementor-column elementor-col-100 elementor-top-column elementor-element elementor-element-aa56630\" data-id=\"aa56630\" data-element_type=\"column\">\n\t\t\t<div class=\"elementor-widget-wrap\">\n\t\t\t\t\t\t\t<\/div>\n\t\t<\/div>\n\t\t\t\t\t<\/div>\n\t\t<\/section>\n\t\t\t\t<section class=\"elementor-section elementor-top-section elementor-element elementor-element-cda9906 elementor-section-boxed elementor-section-height-default elementor-section-height-default\" data-id=\"cda9906\" data-element_type=\"section\">\n\t\t\t\t\t\t<div class=\"elementor-container elementor-column-gap-default\">\n\t\t\t\t\t<div class=\"elementor-column elementor-col-100 elementor-top-column elementor-element elementor-element-66ec360\" data-id=\"66ec360\" data-element_type=\"column\">\n\t\t\t<div class=\"elementor-widget-wrap elementor-element-populated\">\n\t\t\t\t\t\t<div class=\"elementor-element elementor-element-d617405 elementor-invisible elementor-widget elementor-widget-image\" data-id=\"d617405\" data-element_type=\"widget\" data-settings=\"{&quot;_animation&quot;:&quot;zoomInRight&quot;}\" data-widget_type=\"image.default\">\n\t\t\t\t<div class=\"elementor-widget-container\">\n\t\t\t\t\t\t\t\t\t\t\t\t\t<img loading=\"lazy\" decoding=\"async\" width=\"791\" height=\"715\" src=\"https:\/\/www.calec-dz.org\/wp-content\/uploads\/2021\/10\/meet4.jpg\" class=\"attachment-1536x1536 size-1536x1536 wp-image-954\" alt=\"\" srcset=\"https:\/\/www.calec-dz.org\/wp-content\/uploads\/2021\/10\/meet4.jpg 791w, https:\/\/www.calec-dz.org\/wp-content\/uploads\/2021\/10\/meet4-300x271.jpg 300w, https:\/\/www.calec-dz.org\/wp-content\/uploads\/2021\/10\/meet4-768x694.jpg 768w\" sizes=\"(max-width: 791px) 100vw, 791px\" \/>\t\t\t\t\t\t\t\t\t\t\t\t\t<\/div>\n\t\t\t\t<\/div>\n\t\t\t\t\t<\/div>\n\t\t<\/div>\n\t\t\t\t\t<\/div>\n\t\t<\/section>\n\t\t\t\t<section class=\"elementor-section elementor-top-section elementor-element elementor-element-80056f7 elementor-section-boxed elementor-section-height-default elementor-section-height-default\" data-id=\"80056f7\" data-element_type=\"section\">\n\t\t\t\t\t\t<div class=\"elementor-container elementor-column-gap-default\">\n\t\t\t\t\t<div class=\"elementor-column elementor-col-100 elementor-top-column elementor-element elementor-element-d547ea6\" data-id=\"d547ea6\" data-element_type=\"column\">\n\t\t\t<div class=\"elementor-widget-wrap\">\n\t\t\t\t\t\t\t<\/div>\n\t\t<\/div>\n\t\t\t\t\t<\/div>\n\t\t<\/section>\n\t\t\t\t<section class=\"elementor-section elementor-top-section elementor-element elementor-element-3eb5b35 elementor-section-boxed elementor-section-height-default elementor-section-height-default\" data-id=\"3eb5b35\" data-element_type=\"section\">\n\t\t\t\t\t\t<div class=\"elementor-container elementor-column-gap-default\">\n\t\t\t\t\t<div class=\"elementor-column elementor-col-100 elementor-top-column elementor-element elementor-element-b1f7fd9\" data-id=\"b1f7fd9\" data-element_type=\"column\">\n\t\t\t<div class=\"elementor-widget-wrap elementor-element-populated\">\n\t\t\t\t\t\t<div class=\"elementor-element elementor-element-8bb382e elementor-invisible elementor-widget elementor-widget-image\" data-id=\"8bb382e\" data-element_type=\"widget\" data-settings=\"{&quot;_animation&quot;:&quot;zoomInUp&quot;}\" data-widget_type=\"image.default\">\n\t\t\t\t<div class=\"elementor-widget-container\">\n\t\t\t\t\t\t\t\t\t\t\t\t\t<img loading=\"lazy\" decoding=\"async\" width=\"789\" height=\"353\" src=\"https:\/\/www.calec-dz.org\/wp-content\/uploads\/2021\/10\/meet5.png\" class=\"attachment-1536x1536 size-1536x1536 wp-image-958\" alt=\"\" srcset=\"https:\/\/www.calec-dz.org\/wp-content\/uploads\/2021\/10\/meet5.png 789w, https:\/\/www.calec-dz.org\/wp-content\/uploads\/2021\/10\/meet5-300x134.png 300w, https:\/\/www.calec-dz.org\/wp-content\/uploads\/2021\/10\/meet5-768x344.png 768w\" sizes=\"(max-width: 789px) 100vw, 789px\" \/>\t\t\t\t\t\t\t\t\t\t\t\t\t<\/div>\n\t\t\t\t<\/div>\n\t\t\t\t\t<\/div>\n\t\t<\/div>\n\t\t\t\t\t<\/div>\n\t\t<\/section>\n\t\t\t\t<section class=\"elementor-section elementor-top-section elementor-element elementor-element-5082aec elementor-section-boxed elementor-section-height-default elementor-section-height-default\" data-id=\"5082aec\" data-element_type=\"section\">\n\t\t\t\t\t\t<div class=\"elementor-container elementor-column-gap-default\">\n\t\t\t\t\t<div class=\"elementor-column elementor-col-100 elementor-top-column elementor-element elementor-element-ebdca6d\" data-id=\"ebdca6d\" data-element_type=\"column\">\n\t\t\t<div class=\"elementor-widget-wrap\">\n\t\t\t\t\t\t\t<\/div>\n\t\t<\/div>\n\t\t\t\t\t<\/div>\n\t\t<\/section>\n\t\t\t\t<section class=\"elementor-section elementor-top-section elementor-element elementor-element-a5ddcc3 elementor-section-boxed elementor-section-height-default elementor-section-height-default\" data-id=\"a5ddcc3\" data-element_type=\"section\">\n\t\t\t\t\t\t<div class=\"elementor-container elementor-column-gap-default\">\n\t\t\t\t\t<div class=\"elementor-column elementor-col-100 elementor-top-column elementor-element elementor-element-52144a3\" data-id=\"52144a3\" data-element_type=\"column\">\n\t\t\t<div class=\"elementor-widget-wrap elementor-element-populated\">\n\t\t\t\t\t\t<div class=\"elementor-element elementor-element-706e7aa elementor-invisible elementor-widget elementor-widget-image\" data-id=\"706e7aa\" data-element_type=\"widget\" data-settings=\"{&quot;_animation&quot;:&quot;bounceInRight&quot;}\" data-widget_type=\"image.default\">\n\t\t\t\t<div class=\"elementor-widget-container\">\n\t\t\t\t\t\t\t\t\t\t\t\t\t<img loading=\"lazy\" decoding=\"async\" width=\"789\" height=\"504\" src=\"https:\/\/www.calec-dz.org\/wp-content\/uploads\/2021\/10\/meet6.png\" class=\"attachment-1536x1536 size-1536x1536 wp-image-966\" alt=\"\" srcset=\"https:\/\/www.calec-dz.org\/wp-content\/uploads\/2021\/10\/meet6.png 789w, https:\/\/www.calec-dz.org\/wp-content\/uploads\/2021\/10\/meet6-300x192.png 300w, https:\/\/www.calec-dz.org\/wp-content\/uploads\/2021\/10\/meet6-768x491.png 768w\" sizes=\"(max-width: 789px) 100vw, 789px\" \/>\t\t\t\t\t\t\t\t\t\t\t\t\t<\/div>\n\t\t\t\t<\/div>\n\t\t\t\t\t<\/div>\n\t\t<\/div>\n\t\t\t\t\t<\/div>\n\t\t<\/section>\n\t\t\t\t<\/div>\n\t\t","protected":false},"excerpt":{"rendered":"","protected":false},"author":3,"featured_media":0,"parent":0,"menu_order":0,"comment_status":"closed","ping_status":"closed","template":"","meta":{"_regular_price":[],"currency_symbol":[],"_uag_custom_page_level_css":"","footnotes":""},"post_slider_layout_featured_media_urls":{"thumbnail":"","post_slider_layout_landscape_large":"","post_slider_layout_portrait_large":"","post_slider_layout_square_large":"","post_slider_layout_landscape":"","post_slider_layout_portrait":"","post_slider_layout_square":"","full":""},"uagb_featured_image_src":{"full":false,"thumbnail":false,"medium":false,"medium_large":false,"large":false,"ug_big":false,"1536x1536":false,"2048x2048":false,"post_slider_layout_landscape_large":false,"post_slider_layout_portrait_large":false,"post_slider_layout_square_large":false,"post_slider_layout_landscape":false,"post_slider_layout_portrait":false,"post_slider_layout_square":false},"uagb_author_info":{"display_name":"fateh boubechiche","author_link":"https:\/\/www.calec-dz.org\/?author=3"},"uagb_comment_info":0,"uagb_excerpt":null,"_links":{"self":[{"href":"https:\/\/www.calec-dz.org\/index.php?rest_route=\/wp\/v2\/pages\/883"}],"collection":[{"href":"https:\/\/www.calec-dz.org\/index.php?rest_route=\/wp\/v2\/pages"}],"about":[{"href":"https:\/\/www.calec-dz.org\/index.php?rest_route=\/wp\/v2\/types\/page"}],"author":[{"embeddable":true,"href":"https:\/\/www.calec-dz.org\/index.php?rest_route=\/wp\/v2\/users\/3"}],"replies":[{"embeddable":true,"href":"https:\/\/www.calec-dz.org\/index.php?rest_route=%2Fwp%2Fv2%2Fcomments&post=883"}],"version-history":[{"count":26,"href":"https:\/\/www.calec-dz.org\/index.php?rest_route=\/wp\/v2\/pages\/883\/revisions"}],"predecessor-version":[{"id":976,"href":"https:\/\/www.calec-dz.org\/index.php?rest_route=\/wp\/v2\/pages\/883\/revisions\/976"}],"wp:attachment":[{"href":"https:\/\/www.calec-dz.org\/index.php?rest_route=%2Fwp%2Fv2%2Fmedia&parent=883"}],"curies":[{"name":"wp","href":"https:\/\/api.w.org\/{rel}","templated":true}]}}