{"id":841,"date":"2021-10-23T18:38:38","date_gmt":"2021-10-23T18:38:38","guid":{"rendered":"https:\/\/www.calec-dz.org\/?page_id=841"},"modified":"2022-04-10T09:05:50","modified_gmt":"2022-04-10T09:05:50","slug":"action-pilote-pour-lintegration-de-lentreprenariat-vert-dans-les-universites-en-algerie","status":"publish","type":"page","link":"https:\/\/www.calec-dz.org\/?page_id=841","title":{"rendered":"Action pilote pour l\u2019int\u00e9gration de l\u2019entreprenariat vert dans les Universit\u00e9s en Alg\u00e9rie"},"content":{"rendered":"\t\t<div data-elementor-type=\"wp-page\" data-elementor-id=\"841\" class=\"elementor elementor-841\">\n\t\t\t\t\t\t<section class=\"elementor-section elementor-top-section elementor-element elementor-element-8b172c0 elementor-section-boxed elementor-section-height-default elementor-section-height-default\" data-id=\"8b172c0\" data-element_type=\"section\">\n\t\t\t\t\t\t<div class=\"elementor-container elementor-column-gap-default\">\n\t\t\t\t\t<div class=\"elementor-column elementor-col-100 elementor-top-column elementor-element elementor-element-acb09a1\" data-id=\"acb09a1\" data-element_type=\"column\">\n\t\t\t<div class=\"elementor-widget-wrap elementor-element-populated\">\n\t\t\t\t\t\t<div class=\"elementor-element elementor-element-cc05596 elementor-widget elementor-widget-image\" data-id=\"cc05596\" data-element_type=\"widget\" data-settings=\"{&quot;_animation&quot;:&quot;none&quot;}\" data-widget_type=\"image.default\">\n\t\t\t\t<div class=\"elementor-widget-container\">\n\t\t\t\t\t\t\t\t\t\t\t\t\t<img fetchpriority=\"high\" decoding=\"async\" width=\"296\" height=\"170\" src=\"https:\/\/www.calec-dz.org\/wp-content\/uploads\/2021\/10\/telechargement-3.jpg\" class=\"attachment-large size-large wp-image-824\" alt=\"\" \/>\t\t\t\t\t\t\t\t\t\t\t\t\t<\/div>\n\t\t\t\t<\/div>\n\t\t\t\t\t<\/div>\n\t\t<\/div>\n\t\t\t\t\t<\/div>\n\t\t<\/section>\n\t\t\t\t<section class=\"elementor-section elementor-top-section elementor-element elementor-element-ec3d1cf elementor-section-boxed elementor-section-height-default elementor-section-height-default\" data-id=\"ec3d1cf\" data-element_type=\"section\">\n\t\t\t\t\t\t<div class=\"elementor-container elementor-column-gap-default\">\n\t\t\t\t\t<div class=\"elementor-column elementor-col-100 elementor-top-column elementor-element elementor-element-e91fc0a\" data-id=\"e91fc0a\" data-element_type=\"column\" data-settings=\"{&quot;animation&quot;:&quot;none&quot;}\">\n\t\t\t<div class=\"elementor-widget-wrap elementor-element-populated\">\n\t\t\t\t\t\t<div class=\"elementor-element elementor-element-9e93d53 elementor-widget elementor-widget-text-editor\" data-id=\"9e93d53\" data-element_type=\"widget\" data-widget_type=\"text-editor.default\">\n\t\t\t\t<div class=\"elementor-widget-container\">\n\t\t\t\t\t\t\t<p>Dans le cadre du partenariat entre la facult\u00e9 de technologie et le conservatoire national des formations \u00e0 l\u2019environnement, ainsi que le projet \u00ab\u00a0Water Environment Soutien\u00a0\u00bb.<\/p><p>Des cours et conf\u00e9rences p\u00e9dagogiques sur l\u2019\u00e9conomie circulaire, entreprenariat verte et production propre, au profit des \u00e9tudiants\u00a0 du parcours de master, seront assur\u00e9 au sein de la facult\u00e9 de technologie UMBB<\/p><p>Cette activit\u00e9 vise \u00e0 renforcer le syst\u00e8me d\u2019appui et de promotion de l\u2019entreprenariat vert \u00e0 travers l\u2019int\u00e9gration d\u2019une offre formative sp\u00e9cifique dans le milieu universitaire adress\u00e9e aux jeunes \u00e9tudiants alg\u00e9riens et susceptible de contribuer au d\u00e9veloppement durable de l\u2019\u00e9conomie verte et circulaire en Alg\u00e9rie.<\/p><p>Les taches qui seront effectu\u00e9es durant cette activit\u00e9<\/p>\t\t\t\t\t\t<\/div>\n\t\t\t\t<\/div>\n\t\t\t\t\t<\/div>\n\t\t<\/div>\n\t\t\t\t\t<\/div>\n\t\t<\/section>\n\t\t\t\t<section class=\"elementor-section elementor-top-section elementor-element elementor-element-c0baf86 elementor-section-boxed elementor-section-height-default elementor-section-height-default\" data-id=\"c0baf86\" data-element_type=\"section\">\n\t\t\t\t\t\t<div class=\"elementor-container elementor-column-gap-default\">\n\t\t\t\t\t<div class=\"elementor-column elementor-col-100 elementor-top-column elementor-element elementor-element-6938842\" data-id=\"6938842\" data-element_type=\"column\">\n\t\t\t<div class=\"elementor-widget-wrap\">\n\t\t\t\t\t\t\t<\/div>\n\t\t<\/div>\n\t\t\t\t\t<\/div>\n\t\t<\/section>\n\t\t\t\t<section class=\"elementor-section elementor-top-section elementor-element elementor-element-496cffc elementor-section-boxed elementor-section-height-default elementor-section-height-default\" data-id=\"496cffc\" data-element_type=\"section\">\n\t\t\t\t\t\t<div class=\"elementor-container elementor-column-gap-default\">\n\t\t\t\t\t<div class=\"elementor-column elementor-col-100 elementor-top-column elementor-element elementor-element-f80bebb\" data-id=\"f80bebb\" data-element_type=\"column\">\n\t\t\t<div class=\"elementor-widget-wrap elementor-element-populated\">\n\t\t\t\t\t\t<section class=\"elementor-section elementor-inner-section elementor-element elementor-element-d4b5abd elementor-section-boxed elementor-section-height-default elementor-section-height-default\" data-id=\"d4b5abd\" data-element_type=\"section\">\n\t\t\t\t\t\t<div class=\"elementor-container elementor-column-gap-default\">\n\t\t\t\t\t<div class=\"elementor-column elementor-col-50 elementor-inner-column elementor-element elementor-element-c88d8ed elementor-invisible\" data-id=\"c88d8ed\" data-element_type=\"column\" data-settings=\"{&quot;animation&quot;:&quot;zoomInUp&quot;}\">\n\t\t\t<div class=\"elementor-widget-wrap elementor-element-populated\">\n\t\t\t\t\t\t<div class=\"elementor-element elementor-element-9b5d4cb elementor-widget elementor-widget-text-editor\" data-id=\"9b5d4cb\" data-element_type=\"widget\" data-widget_type=\"text-editor.default\">\n\t\t\t\t<div class=\"elementor-widget-container\">\n\t\t\t\t\t\t\t<h4><strong>T\u00e2che 1\u00a0: <\/strong><\/h4>\t\t\t\t\t\t<\/div>\n\t\t\t\t<\/div>\n\t\t\t\t\t<\/div>\n\t\t<\/div>\n\t\t\t\t<div class=\"elementor-column elementor-col-50 elementor-inner-column elementor-element elementor-element-0e02942 elementor-invisible\" data-id=\"0e02942\" data-element_type=\"column\" data-settings=\"{&quot;animation&quot;:&quot;fadeInLeft&quot;}\">\n\t\t\t<div class=\"elementor-widget-wrap elementor-element-populated\">\n\t\t\t\t\t\t<div class=\"elementor-element elementor-element-8d6c343 elementor-widget elementor-widget-text-editor\" data-id=\"8d6c343\" data-element_type=\"widget\" data-widget_type=\"text-editor.default\">\n\t\t\t\t<div class=\"elementor-widget-container\">\n\t\t\t\t\t\t\t<h4><strong>Formation des formateurs sur les questions l\u2019entreprenariat vert et l\u2019\u00e9conomie circulaire<\/strong><\/h4>\t\t\t\t\t\t<\/div>\n\t\t\t\t<\/div>\n\t\t\t\t\t<\/div>\n\t\t<\/div>\n\t\t\t\t\t<\/div>\n\t\t<\/section>\n\t\t\t\t\t<\/div>\n\t\t<\/div>\n\t\t\t\t\t<\/div>\n\t\t<\/section>\n\t\t\t\t<section class=\"elementor-section elementor-top-section elementor-element elementor-element-1b094a1 elementor-section-boxed elementor-section-height-default elementor-section-height-default\" data-id=\"1b094a1\" data-element_type=\"section\">\n\t\t\t\t\t\t<div class=\"elementor-container elementor-column-gap-default\">\n\t\t\t\t\t<div class=\"elementor-column elementor-col-100 elementor-top-column elementor-element elementor-element-f8b46fe\" data-id=\"f8b46fe\" data-element_type=\"column\">\n\t\t\t<div class=\"elementor-widget-wrap elementor-element-populated\">\n\t\t\t\t\t\t<section class=\"elementor-section elementor-inner-section elementor-element elementor-element-44a9f80 elementor-section-boxed elementor-section-height-default elementor-section-height-default\" data-id=\"44a9f80\" data-element_type=\"section\">\n\t\t\t\t\t\t<div class=\"elementor-container elementor-column-gap-default\">\n\t\t\t\t\t<div class=\"elementor-column elementor-col-50 elementor-inner-column elementor-element elementor-element-66036fb elementor-invisible\" data-id=\"66036fb\" data-element_type=\"column\" data-settings=\"{&quot;animation&quot;:&quot;zoomInUp&quot;}\">\n\t\t\t<div class=\"elementor-widget-wrap elementor-element-populated\">\n\t\t\t\t\t\t<div class=\"elementor-element elementor-element-e5fba9a elementor-widget elementor-widget-text-editor\" data-id=\"e5fba9a\" data-element_type=\"widget\" data-widget_type=\"text-editor.default\">\n\t\t\t\t<div class=\"elementor-widget-container\">\n\t\t\t\t\t\t\t<h4><strong>T\u00e2che 2 : <\/strong><\/h4>\t\t\t\t\t\t<\/div>\n\t\t\t\t<\/div>\n\t\t\t\t\t<\/div>\n\t\t<\/div>\n\t\t\t\t<div class=\"elementor-column elementor-col-50 elementor-inner-column elementor-element elementor-element-eff2a22 elementor-invisible\" data-id=\"eff2a22\" data-element_type=\"column\" data-settings=\"{&quot;animation&quot;:&quot;fadeInLeft&quot;}\">\n\t\t\t<div class=\"elementor-widget-wrap elementor-element-populated\">\n\t\t\t\t\t\t<div class=\"elementor-element elementor-element-bc2821d elementor-widget elementor-widget-text-editor\" data-id=\"bc2821d\" data-element_type=\"widget\" data-widget_type=\"text-editor.default\">\n\t\t\t\t<div class=\"elementor-widget-container\">\n\t\t\t\t\t\t\t<h4><strong>Formation des formateurs sur les questions l\u2019entreprenariat vert et l\u2019\u00e9conomie circulaire<\/strong><\/h4>\t\t\t\t\t\t<\/div>\n\t\t\t\t<\/div>\n\t\t\t\t\t<\/div>\n\t\t<\/div>\n\t\t\t\t\t<\/div>\n\t\t<\/section>\n\t\t\t\t\t<\/div>\n\t\t<\/div>\n\t\t\t\t\t<\/div>\n\t\t<\/section>\n\t\t\t\t<section class=\"elementor-section elementor-top-section elementor-element elementor-element-bb90a7d elementor-section-boxed elementor-section-height-default elementor-section-height-default\" data-id=\"bb90a7d\" data-element_type=\"section\">\n\t\t\t\t\t\t<div class=\"elementor-container elementor-column-gap-default\">\n\t\t\t\t\t<div class=\"elementor-column elementor-col-100 elementor-top-column elementor-element elementor-element-fd0483f\" data-id=\"fd0483f\" data-element_type=\"column\">\n\t\t\t<div class=\"elementor-widget-wrap elementor-element-populated\">\n\t\t\t\t\t\t<section class=\"elementor-section elementor-inner-section elementor-element elementor-element-301548e elementor-section-boxed elementor-section-height-default elementor-section-height-default\" data-id=\"301548e\" data-element_type=\"section\">\n\t\t\t\t\t\t<div class=\"elementor-container elementor-column-gap-default\">\n\t\t\t\t\t<div class=\"elementor-column elementor-col-50 elementor-inner-column elementor-element elementor-element-c257ea1\" data-id=\"c257ea1\" data-element_type=\"column\">\n\t\t\t<div class=\"elementor-widget-wrap elementor-element-populated\">\n\t\t\t\t\t\t<div class=\"elementor-element elementor-element-612fe8e elementor-invisible elementor-widget elementor-widget-text-editor\" data-id=\"612fe8e\" data-element_type=\"widget\" data-settings=\"{&quot;_animation&quot;:&quot;zoomInUp&quot;}\" data-widget_type=\"text-editor.default\">\n\t\t\t\t<div class=\"elementor-widget-container\">\n\t\t\t\t\t\t\t<h4><strong>T\u00e2che 3 : <\/strong><\/h4>\t\t\t\t\t\t<\/div>\n\t\t\t\t<\/div>\n\t\t\t\t\t<\/div>\n\t\t<\/div>\n\t\t\t\t<div class=\"elementor-column elementor-col-50 elementor-inner-column elementor-element elementor-element-2722719 elementor-invisible\" data-id=\"2722719\" data-element_type=\"column\" data-settings=\"{&quot;animation&quot;:&quot;fadeInLeft&quot;}\">\n\t\t\t<div class=\"elementor-widget-wrap elementor-element-populated\">\n\t\t\t\t\t\t<div class=\"elementor-element elementor-element-49ff7d5 elementor-widget elementor-widget-text-editor\" data-id=\"49ff7d5\" data-element_type=\"widget\" data-widget_type=\"text-editor.default\">\n\t\t\t\t<div class=\"elementor-widget-container\">\n\t\t\t\t\t\t\t<h4><strong>Mise en place d\u2019un r\u00e9seau national universitaire pour la r\u00e9plication de l\u2019exp\u00e9rience pilote\u00a0<\/strong><\/h4>\t\t\t\t\t\t<\/div>\n\t\t\t\t<\/div>\n\t\t\t\t\t<\/div>\n\t\t<\/div>\n\t\t\t\t\t<\/div>\n\t\t<\/section>\n\t\t\t\t\t<\/div>\n\t\t<\/div>\n\t\t\t\t\t<\/div>\n\t\t<\/section>\n\t\t\t\t<\/div>\n\t\t","protected":false},"excerpt":{"rendered":"<p>Dans le cadre du partenariat entre la facult\u00e9 de technologie et le conservatoire national des formations \u00e0 l\u2019environnement, ainsi que le projet \u00ab\u00a0Water Environment Soutien\u00a0\u00bb. Des cours et conf\u00e9rences p\u00e9dagogiques sur l\u2019\u00e9conomie circulaire, entreprenariat verte et production propre, au profit des \u00e9tudiants\u00a0 du parcours de master, seront assur\u00e9 au sein de la facult\u00e9 de technologie [&hellip;]<\/p>\n","protected":false},"author":3,"featured_media":0,"parent":0,"menu_order":0,"comment_status":"closed","ping_status":"closed","template":"elementor_header_footer","meta":{"_regular_price":[],"currency_symbol":[],"_uag_custom_page_level_css":"","footnotes":""},"post_slider_layout_featured_media_urls":{"thumbnail":"","post_slider_layout_landscape_large":"","post_slider_layout_portrait_large":"","post_slider_layout_square_large":"","post_slider_layout_landscape":"","post_slider_layout_portrait":"","post_slider_layout_square":"","full":""},"uagb_featured_image_src":{"full":false,"thumbnail":false,"medium":false,"medium_large":false,"large":false,"ug_big":false,"1536x1536":false,"2048x2048":false,"post_slider_layout_landscape_large":false,"post_slider_layout_portrait_large":false,"post_slider_layout_square_large":false,"post_slider_layout_landscape":false,"post_slider_layout_portrait":false,"post_slider_layout_square":false},"uagb_author_info":{"display_name":"fateh boubechiche","author_link":"https:\/\/www.calec-dz.org\/?author=3"},"uagb_comment_info":0,"uagb_excerpt":"Dans le cadre du partenariat entre la facult\u00e9 de technologie et le conservatoire national des formations \u00e0 l\u2019environnement, ainsi que le projet \u00ab\u00a0Water Environment Soutien\u00a0\u00bb. Des cours et conf\u00e9rences p\u00e9dagogiques sur l\u2019\u00e9conomie circulaire, entreprenariat verte et production propre, au profit des \u00e9tudiants\u00a0 du parcours de master, seront assur\u00e9 au sein de la facult\u00e9 de technologie\u2026","_links":{"self":[{"href":"https:\/\/www.calec-dz.org\/index.php?rest_route=\/wp\/v2\/pages\/841"}],"collection":[{"href":"https:\/\/www.calec-dz.org\/index.php?rest_route=\/wp\/v2\/pages"}],"about":[{"href":"https:\/\/www.calec-dz.org\/index.php?rest_route=\/wp\/v2\/types\/page"}],"author":[{"embeddable":true,"href":"https:\/\/www.calec-dz.org\/index.php?rest_route=\/wp\/v2\/users\/3"}],"replies":[{"embeddable":true,"href":"https:\/\/www.calec-dz.org\/index.php?rest_route=%2Fwp%2Fv2%2Fcomments&post=841"}],"version-history":[{"count":16,"href":"https:\/\/www.calec-dz.org\/index.php?rest_route=\/wp\/v2\/pages\/841\/revisions"}],"predecessor-version":[{"id":2009,"href":"https:\/\/www.calec-dz.org\/index.php?rest_route=\/wp\/v2\/pages\/841\/revisions\/2009"}],"wp:attachment":[{"href":"https:\/\/www.calec-dz.org\/index.php?rest_route=%2Fwp%2Fv2%2Fmedia&parent=841"}],"curies":[{"name":"wp","href":"https:\/\/api.w.org\/{rel}","templated":true}]}}