{"id":6,"date":"2018-10-09T09:14:55","date_gmt":"2018-10-09T09:14:55","guid":{"rendered":"https:\/\/websitedemos.net\/alex23\/?page_id=6"},"modified":"2023-06-19T13:20:53","modified_gmt":"2023-06-19T12:20:53","slug":"home","status":"publish","type":"page","link":"https:\/\/www.calec-dz.org\/","title":{"rendered":"Accueil"},"content":{"rendered":"\t\t<div data-elementor-type=\"wp-page\" data-elementor-id=\"6\" class=\"elementor elementor-6\">\n\t\t\t\t\t\t<section class=\"elementor-section elementor-top-section elementor-element elementor-element-85a9d6a elementor-section-boxed elementor-section-height-default elementor-section-height-default\" data-id=\"85a9d6a\" data-element_type=\"section\">\n\t\t\t\t\t\t<div class=\"elementor-container elementor-column-gap-default\">\n\t\t\t\t\t<div class=\"elementor-column elementor-col-100 elementor-top-column elementor-element elementor-element-062e062\" data-id=\"062e062\" data-element_type=\"column\">\n\t\t\t<div class=\"elementor-widget-wrap\">\n\t\t\t\t\t\t\t<\/div>\n\t\t<\/div>\n\t\t\t\t\t<\/div>\n\t\t<\/section>\n\t\t\t\t<section class=\"elementor-section elementor-top-section elementor-element elementor-element-6c45f4e elementor-section-full_width elementor-section-content-space-between elementor-section-height-default elementor-section-height-default\" data-id=\"6c45f4e\" data-element_type=\"section\" data-settings=\"{&quot;background_background&quot;:&quot;classic&quot;}\">\n\t\t\t\t\t\t<div class=\"elementor-container elementor-column-gap-default\">\n\t\t\t\t\t<div class=\"elementor-column elementor-col-100 elementor-top-column elementor-element elementor-element-01c19b2\" data-id=\"01c19b2\" data-element_type=\"column\">\n\t\t\t<div class=\"elementor-widget-wrap elementor-element-populated\">\n\t\t\t\t\t\t<section class=\"elementor-section elementor-inner-section elementor-element elementor-element-eac6d82 elementor-section-boxed elementor-section-height-default elementor-section-height-default\" data-id=\"eac6d82\" data-element_type=\"section\">\n\t\t\t\t\t\t<div class=\"elementor-container elementor-column-gap-default\">\n\t\t\t\t\t<div class=\"elementor-column elementor-col-50 elementor-inner-column elementor-element elementor-element-075f0f3\" data-id=\"075f0f3\" data-element_type=\"column\">\n\t\t\t<div class=\"elementor-widget-wrap elementor-element-populated\">\n\t\t\t\t\t\t<div class=\"elementor-element elementor-element-6071f08 elementor-widget elementor-widget-image\" data-id=\"6071f08\" data-element_type=\"widget\" data-widget_type=\"image.default\">\n\t\t\t\t<div class=\"elementor-widget-container\">\n\t\t\t\t\t\t\t\t\t\t\t\t\t<img decoding=\"async\" width=\"69\" height=\"14\" src=\"https:\/\/www.calec-dz.org\/wp-content\/uploads\/2022\/09\/neveau.gif\" class=\"attachment-thumbnail size-thumbnail wp-image-2857\" alt=\"\" \/>\t\t\t\t\t\t\t\t\t\t\t\t\t<\/div>\n\t\t\t\t<\/div>\n\t\t\t\t\t<\/div>\n\t\t<\/div>\n\t\t\t\t<div class=\"elementor-column elementor-col-50 elementor-inner-column elementor-element elementor-element-78c3bb3\" data-id=\"78c3bb3\" data-element_type=\"column\">\n\t\t\t<div class=\"elementor-widget-wrap elementor-element-populated\">\n\t\t\t\t\t\t<div class=\"elementor-element elementor-element-1c13355 elementor-widget elementor-widget-heading\" data-id=\"1c13355\" data-element_type=\"widget\" data-widget_type=\"heading.default\">\n\t\t\t\t<div class=\"elementor-widget-container\">\n\t\t\t<h2 class=\"elementor-heading-title elementor-size-default\"><a href=\"http:\/\/www.calec-dz.org\/wp-content\/uploads\/2023\/06\/LA-Chambre-Nationale-dAgriculture-CNA21-06-2023-final.pdf\" target=\"_blank\"><marquee> \n <i>\n \n <font size=\"5\">\n<strong>\n\n        \n&nbsp;\n&nbsp;\n&nbsp;\n&nbsp;\n&nbsp;\n&nbsp;\n \n   <font size=\"5\">\n<strong>\n<FONT face=\"Times New Roman\"\n>  \n      LA Chambre Nationale d\u2019Agriculture (CNA)\nEn collaboration avec\nR\u00e9seau Alg\u00e9rien d\u2019Economie Circulaire (CALEC)\n\/ Chaire \u2018\u2019Economie Circulaire et D\u00e9veloppement\nDurable\/\nUniversit\u00e9 M\u2019Hamed Bougara de Boumerdes\nAssociation Nationale d\u2019Eco-conception, Analyse\nde cycle de vie et D\u00e9veloppement durable    Organisent    LE 2i\u00e8me WORKSHOP NATIONAL\nSUR :\nCONTRIBUTION DE L\u2019\u00c9CONOMIE\nCIRCULAIRE DANS LA GESTION\nDE LA FILI\u00c8RE AVICOLE\n\" CAS DE D\u00c9CHETS DE VOLAILLE \"\n.\n Le 21  Juin 2023<\/a>\n&nbsp;\n&nbsp;\n&nbsp;\n&nbsp;\n&nbsp;\n&nbsp;\n  \n    \n\n &nbsp;\n&nbsp;\n&nbsp;\n&nbsp;\n&nbsp;\n&nbsp;\n\n<\/FONT>\n \n\n<\/marquee>\n\n<\/a><\/h2>\t\t<\/div>\n\t\t\t\t<\/div>\n\t\t\t\t\t<\/div>\n\t\t<\/div>\n\t\t\t\t\t<\/div>\n\t\t<\/section>\n\t\t\t\t<div class=\"elementor-element elementor-element-3f2f924 elementor-widget elementor-widget-spacer\" data-id=\"3f2f924\" data-element_type=\"widget\" data-widget_type=\"spacer.default\">\n\t\t\t\t<div class=\"elementor-widget-container\">\n\t\t\t\t\t<div class=\"elementor-spacer\">\n\t\t\t<div class=\"elementor-spacer-inner\"><\/div>\n\t\t<\/div>\n\t\t\t\t<\/div>\n\t\t\t\t<\/div>\n\t\t\t\t<section class=\"elementor-section elementor-inner-section elementor-element elementor-element-ba735c4 elementor-section-full_width elementor-section-height-default elementor-section-height-default\" data-id=\"ba735c4\" data-element_type=\"section\" data-settings=\"{&quot;background_background&quot;:&quot;classic&quot;}\">\n\t\t\t\t\t\t\t<div class=\"elementor-background-overlay\"><\/div>\n\t\t\t\t\t\t\t<div class=\"elementor-container elementor-column-gap-wide\">\n\t\t\t\t\t<div class=\"elementor-column elementor-col-33 elementor-inner-column elementor-element elementor-element-4454082\" data-id=\"4454082\" data-element_type=\"column\">\n\t\t\t<div class=\"elementor-widget-wrap elementor-element-populated\">\n\t\t\t\t\t\t<div class=\"elementor-element elementor-element-e49aed8 elementor-widget elementor-widget-spacer\" data-id=\"e49aed8\" data-element_type=\"widget\" data-widget_type=\"spacer.default\">\n\t\t\t\t<div class=\"elementor-widget-container\">\n\t\t\t\t\t<div class=\"elementor-spacer\">\n\t\t\t<div class=\"elementor-spacer-inner\"><\/div>\n\t\t<\/div>\n\t\t\t\t<\/div>\n\t\t\t\t<\/div>\n\t\t\t\t<div class=\"elementor-element elementor-element-ee61276 elementor-widget elementor-widget-spacer\" data-id=\"ee61276\" data-element_type=\"widget\" data-widget_type=\"spacer.default\">\n\t\t\t\t<div class=\"elementor-widget-container\">\n\t\t\t\t\t<div class=\"elementor-spacer\">\n\t\t\t<div class=\"elementor-spacer-inner\"><\/div>\n\t\t<\/div>\n\t\t\t\t<\/div>\n\t\t\t\t<\/div>\n\t\t\t\t<div class=\"elementor-element elementor-element-cedfe62 elementor-widget elementor-widget-html\" data-id=\"cedfe62\" data-element_type=\"widget\" data-widget_type=\"html.default\">\n\t\t\t\t<div class=\"elementor-widget-container\">\n\t\t\t\r\n   <html>\r\n  <head>\r\n      <CENTER>\r\n    <title>Titre du document<\/title>\r\n    <style>\r\n      blink {\r\n        animation: blinker 2s linear infinite;\r\n        color: #C3112F;\r\n       }\r\n      @keyframes blinker {  \r\n        50% { opacity: 0; }\r\n       }\r\n       .blink-one {\r\n         animation: blinker-one 1s linear infinite;\r\n       }\r\n       @keyframes blinker-one {  \r\n         0% { opacity: 0; }\r\n       }\r\n       .blink-two {\r\n         animation: blinker-two 1.4s linear infinite;\r\n       }\r\n       @keyframes blinker-two {  \r\n         100% { opacity: 0; }\r\n       }\r\n    <\/style>\r\n  <\/head>\r\n  <body>\r\n    <h6>\r\n      <blink>Le dernier \u00e9v\u00e8nement <\/blink>\r\n    <\/h7>\r\n  <\/CENTER>\r\n  <\/body>\r\n<\/html>\t\t<\/div>\n\t\t\t\t<\/div>\n\t\t\t\t<div class=\"elementor-element elementor-element-f02f56e elementor-widget elementor-widget-heading\" data-id=\"f02f56e\" data-element_type=\"widget\" data-widget_type=\"heading.default\">\n\t\t\t\t<div class=\"elementor-widget-container\">\n\t\t\t<h5 class=\"elementor-heading-title elementor-size-default\"><a href=\"https:\/\/www.calec-dz.org\/?page_id=3338\" target=\"_blank\"><marquee \n behavior=\"scroll\" direction=\"up\" width=\"100%\"\n  \n<p style=\"color:#000080\";>\n <b>\n<CENTER>\n1er Workshop National Economie Circulaire : Un Gisement Pour L\u2019attractivit\u00e9 Du Secteur Agricole Et Agro-Industrie Nationale de 31\/01\/2023\n\n <\/CENTER>\n<\/p>\n <\/a>\n <\/b>\n\n<\/marquee><br><\/a><\/h5>\t\t<\/div>\n\t\t\t\t<\/div>\n\t\t\t\t\t<\/div>\n\t\t<\/div>\n\t\t\t\t<div class=\"elementor-column elementor-col-33 elementor-inner-column elementor-element elementor-element-9c3763e\" data-id=\"9c3763e\" data-element_type=\"column\">\n\t\t\t<div class=\"elementor-widget-wrap elementor-element-populated\">\n\t\t\t\t\t\t<div class=\"elementor-element elementor-element-6abbeab elementor-widget elementor-widget-spacer\" data-id=\"6abbeab\" data-element_type=\"widget\" data-widget_type=\"spacer.default\">\n\t\t\t\t<div class=\"elementor-widget-container\">\n\t\t\t\t\t<div class=\"elementor-spacer\">\n\t\t\t<div class=\"elementor-spacer-inner\"><\/div>\n\t\t<\/div>\n\t\t\t\t<\/div>\n\t\t\t\t<\/div>\n\t\t\t\t<div class=\"elementor-element elementor-element-05c8069 elementor-invisible elementor-widget elementor-widget-heading\" data-id=\"05c8069\" data-element_type=\"widget\" data-settings=\"{&quot;_animation&quot;:&quot;bounceIn&quot;}\" data-widget_type=\"heading.default\">\n\t\t\t\t<div class=\"elementor-widget-container\">\n\t\t\t<h2 class=\"elementor-heading-title elementor-size-xl\"><b>R\u00e9seau Alg\u00e9rien  d\u2019Economie Circulaire <\/b><\/h2>\t\t<\/div>\n\t\t\t\t<\/div>\n\t\t\t\t<div class=\"elementor-element elementor-element-8038c90 elementor-widget elementor-widget-spacer\" data-id=\"8038c90\" data-element_type=\"widget\" data-widget_type=\"spacer.default\">\n\t\t\t\t<div class=\"elementor-widget-container\">\n\t\t\t\t\t<div class=\"elementor-spacer\">\n\t\t\t<div class=\"elementor-spacer-inner\"><\/div>\n\t\t<\/div>\n\t\t\t\t<\/div>\n\t\t\t\t<\/div>\n\t\t\t\t<div class=\"elementor-element elementor-element-8ea9175 animated-slow elementor-invisible elementor-widget elementor-widget-heading\" data-id=\"8ea9175\" data-element_type=\"widget\" data-settings=\"{&quot;_animation&quot;:&quot;zoomIn&quot;,&quot;_animation_delay&quot;:700}\" data-widget_type=\"heading.default\">\n\t\t\t\t<div class=\"elementor-widget-container\">\n\t\t\t<h2 class=\"elementor-heading-title elementor-size-large\">Le R\u00e9seau Alg\u00e9rien est une base de connaissances qui r\u00e9pond aux besoins des chercheurs, entreprises et des pouvoirs publics en mati\u00e8re d'\u00e9conomie circulaire, Eco-conception, Ecolabel et Startup environnemental<\/h2>\t\t<\/div>\n\t\t\t\t<\/div>\n\t\t\t\t<div class=\"elementor-element elementor-element-1e8efa4 elementor-widget elementor-widget-spacer\" data-id=\"1e8efa4\" data-element_type=\"widget\" data-widget_type=\"spacer.default\">\n\t\t\t\t<div class=\"elementor-widget-container\">\n\t\t\t\t\t<div class=\"elementor-spacer\">\n\t\t\t<div class=\"elementor-spacer-inner\"><\/div>\n\t\t<\/div>\n\t\t\t\t<\/div>\n\t\t\t\t<\/div>\n\t\t\t\t\t<\/div>\n\t\t<\/div>\n\t\t\t\t<div class=\"elementor-column elementor-col-33 elementor-inner-column elementor-element elementor-element-68d9aac\" data-id=\"68d9aac\" data-element_type=\"column\">\n\t\t\t<div class=\"elementor-widget-wrap\">\n\t\t\t\t\t\t\t<\/div>\n\t\t<\/div>\n\t\t\t\t\t<\/div>\n\t\t<\/section>\n\t\t\t\t<div class=\"elementor-element elementor-element-e79cb71 elementor-widget elementor-widget-spacer\" data-id=\"e79cb71\" data-element_type=\"widget\" data-widget_type=\"spacer.default\">\n\t\t\t\t<div class=\"elementor-widget-container\">\n\t\t\t\t\t<div class=\"elementor-spacer\">\n\t\t\t<div class=\"elementor-spacer-inner\"><\/div>\n\t\t<\/div>\n\t\t\t\t<\/div>\n\t\t\t\t<\/div>\n\t\t\t\t<div class=\"elementor-element elementor-element-61384ee elementor-button-success elementor-align-center elementor-widget elementor-widget-button\" data-id=\"61384ee\" data-element_type=\"widget\" data-widget_type=\"button.default\">\n\t\t\t\t<div class=\"elementor-widget-container\">\n\t\t\t\t\t<div class=\"elementor-button-wrapper\">\n\t\t\t<a class=\"elementor-button elementor-button-link elementor-size-lg\" href=\"https:\/\/www.calec-dz.org\/?page_id=21\">\n\t\t\t\t\t\t<span class=\"elementor-button-content-wrapper\">\n\t\t\t\t\t\t\t\t\t<span class=\"elementor-button-text\">Plus de d\u00e9tails<\/span>\n\t\t\t\t\t<\/span>\n\t\t\t\t\t<\/a>\n\t\t<\/div>\n\t\t\t\t<\/div>\n\t\t\t\t<\/div>\n\t\t\t\t<div class=\"elementor-element elementor-element-aaf0865 elementor-widget elementor-widget-spacer\" data-id=\"aaf0865\" data-element_type=\"widget\" data-widget_type=\"spacer.default\">\n\t\t\t\t<div class=\"elementor-widget-container\">\n\t\t\t\t\t<div class=\"elementor-spacer\">\n\t\t\t<div class=\"elementor-spacer-inner\"><\/div>\n\t\t<\/div>\n\t\t\t\t<\/div>\n\t\t\t\t<\/div>\n\t\t\t\t\t<\/div>\n\t\t<\/div>\n\t\t\t\t\t<\/div>\n\t\t<\/section>\n\t\t\t\t<section class=\"elementor-section elementor-top-section elementor-element elementor-element-5bc8e42 elementor-section-boxed elementor-section-height-default elementor-section-height-default\" data-id=\"5bc8e42\" data-element_type=\"section\">\n\t\t\t\t\t\t<div class=\"elementor-container elementor-column-gap-default\">\n\t\t\t\t\t<div class=\"elementor-column elementor-col-100 elementor-top-column elementor-element elementor-element-56c7d48\" data-id=\"56c7d48\" data-element_type=\"column\">\n\t\t\t<div class=\"elementor-widget-wrap\">\n\t\t\t\t\t\t\t<\/div>\n\t\t<\/div>\n\t\t\t\t\t<\/div>\n\t\t<\/section>\n\t\t\t\t<section class=\"elementor-section elementor-top-section elementor-element elementor-element-abf066f elementor-section-boxed elementor-section-height-default elementor-section-height-default\" data-id=\"abf066f\" data-element_type=\"section\">\n\t\t\t\t\t\t<div class=\"elementor-container elementor-column-gap-default\">\n\t\t\t\t\t<div class=\"elementor-column elementor-col-50 elementor-top-column elementor-element elementor-element-2ec8bce\" data-id=\"2ec8bce\" data-element_type=\"column\">\n\t\t\t<div class=\"elementor-widget-wrap elementor-element-populated\">\n\t\t\t\t\t\t<section class=\"elementor-section elementor-inner-section elementor-element elementor-element-f6f5bd4 elementor-section-boxed elementor-section-height-default elementor-section-height-default\" data-id=\"f6f5bd4\" data-element_type=\"section\">\n\t\t\t\t\t\t<div class=\"elementor-container elementor-column-gap-default\">\n\t\t\t\t\t<div class=\"elementor-column elementor-col-50 elementor-inner-column elementor-element elementor-element-4ab44d8\" data-id=\"4ab44d8\" data-element_type=\"column\">\n\t\t\t<div class=\"elementor-widget-wrap elementor-element-populated\">\n\t\t\t\t\t\t<div class=\"elementor-element elementor-element-ba2d602 elementor-widget elementor-widget-image\" data-id=\"ba2d602\" data-element_type=\"widget\" data-widget_type=\"image.default\">\n\t\t\t\t<div class=\"elementor-widget-container\">\n\t\t\t\t\t\t\t\t\t\t\t\t\t<img decoding=\"async\" width=\"150\" height=\"150\" src=\"https:\/\/www.calec-dz.org\/wp-content\/uploads\/2021\/12\/images-2-150x150.jpg\" class=\"attachment-thumbnail size-thumbnail wp-image-1272\" alt=\"\" srcset=\"https:\/\/www.calec-dz.org\/wp-content\/uploads\/2021\/12\/images-2-150x150.jpg 150w, https:\/\/www.calec-dz.org\/wp-content\/uploads\/2021\/12\/images-2-100x100.jpg 100w, https:\/\/www.calec-dz.org\/wp-content\/uploads\/2021\/12\/images-2.jpg 225w\" sizes=\"(max-width: 150px) 100vw, 150px\" \/>\t\t\t\t\t\t\t\t\t\t\t\t\t<\/div>\n\t\t\t\t<\/div>\n\t\t\t\t\t<\/div>\n\t\t<\/div>\n\t\t\t\t<div class=\"elementor-column elementor-col-50 elementor-inner-column elementor-element elementor-element-e49084b\" data-id=\"e49084b\" data-element_type=\"column\">\n\t\t\t<div class=\"elementor-widget-wrap elementor-element-populated\">\n\t\t\t\t\t\t<div class=\"elementor-element elementor-element-a4c831f elementor-invisible elementor-widget elementor-widget-heading\" data-id=\"a4c831f\" data-element_type=\"widget\" data-settings=\"{&quot;_animation&quot;:&quot;flash&quot;}\" data-widget_type=\"heading.default\">\n\t\t\t\t<div class=\"elementor-widget-container\">\n\t\t\t<h1 class=\"elementor-heading-title elementor-size-xl\"><a href=\"https:\/\/www.calec-dz.org\/?page_id=146\"><b>Actualit\u00e9s<\/b><\/a><\/h1>\t\t<\/div>\n\t\t\t\t<\/div>\n\t\t\t\t\t<\/div>\n\t\t<\/div>\n\t\t\t\t\t<\/div>\n\t\t<\/section>\n\t\t\t\t\t<\/div>\n\t\t<\/div>\n\t\t\t\t<div class=\"elementor-column elementor-col-50 elementor-top-column elementor-element elementor-element-79d6f7f\" data-id=\"79d6f7f\" data-element_type=\"column\">\n\t\t\t<div class=\"elementor-widget-wrap elementor-element-populated\">\n\t\t\t\t\t\t<div class=\"elementor-element elementor-element-7608dbf elementor-widget elementor-widget-spacer\" data-id=\"7608dbf\" data-element_type=\"widget\" data-widget_type=\"spacer.default\">\n\t\t\t\t<div class=\"elementor-widget-container\">\n\t\t\t\t\t<div class=\"elementor-spacer\">\n\t\t\t<div class=\"elementor-spacer-inner\"><\/div>\n\t\t<\/div>\n\t\t\t\t<\/div>\n\t\t\t\t<\/div>\n\t\t\t\t\t<\/div>\n\t\t<\/div>\n\t\t\t\t\t<\/div>\n\t\t<\/section>\n\t\t\t\t<section class=\"elementor-section elementor-top-section elementor-element elementor-element-3b24f8a elementor-section-boxed elementor-section-height-default elementor-section-height-default\" data-id=\"3b24f8a\" data-element_type=\"section\">\n\t\t\t\t\t\t<div class=\"elementor-container elementor-column-gap-default\">\n\t\t\t\t\t<div class=\"elementor-column elementor-col-100 elementor-top-column elementor-element elementor-element-cc45323\" data-id=\"cc45323\" data-element_type=\"column\">\n\t\t\t<div class=\"elementor-widget-wrap elementor-element-populated\">\n\t\t\t\t\t\t<div class=\"elementor-element elementor-element-87918ae elementor-widget elementor-widget-spacer\" data-id=\"87918ae\" data-element_type=\"widget\" data-widget_type=\"spacer.default\">\n\t\t\t\t<div class=\"elementor-widget-container\">\n\t\t\t\t\t<div class=\"elementor-spacer\">\n\t\t\t<div class=\"elementor-spacer-inner\"><\/div>\n\t\t<\/div>\n\t\t\t\t<\/div>\n\t\t\t\t<\/div>\n\t\t\t\t\t<\/div>\n\t\t<\/div>\n\t\t\t\t\t<\/div>\n\t\t<\/section>\n\t\t\t\t<\/div>\n\t\t","protected":false},"excerpt":{"rendered":"<p>&nbsp; &nbsp; &nbsp; &nbsp; &nbsp; &nbsp; LA Chambre Nationale d\u2019Agriculture (CNA) En collaboration avec R\u00e9seau Alg\u00e9rien d\u2019Economie Circulaire (CALEC) \/ Chaire \u2018\u2019Economie Circulaire et D\u00e9veloppement Durable\/ Universit\u00e9 M\u2019Hamed Bougara de Boumerdes Association Nationale d\u2019Eco-conception, Analyse de cycle de vie et D\u00e9veloppement durable Organisent LE 2i\u00e8me WORKSHOP NATIONAL SUR : CONTRIBUTION DE L\u2019\u00c9CONOMIE CIRCULAIRE DANS LA [&hellip;]<\/p>\n","protected":false},"author":1,"featured_media":0,"parent":0,"menu_order":0,"comment_status":"closed","ping_status":"closed","template":"elementor_header_footer","meta":{"_regular_price":[],"currency_symbol":[],"_uag_custom_page_level_css":"","footnotes":""},"post_slider_layout_featured_media_urls":{"thumbnail":"","post_slider_layout_landscape_large":"","post_slider_layout_portrait_large":"","post_slider_layout_square_large":"","post_slider_layout_landscape":"","post_slider_layout_portrait":"","post_slider_layout_square":"","full":""},"uagb_featured_image_src":{"full":false,"thumbnail":false,"medium":false,"medium_large":false,"large":false,"ug_big":false,"1536x1536":false,"2048x2048":false,"post_slider_layout_landscape_large":false,"post_slider_layout_portrait_large":false,"post_slider_layout_square_large":false,"post_slider_layout_landscape":false,"post_slider_layout_portrait":false,"post_slider_layout_square":false},"uagb_author_info":{"display_name":"admin","author_link":"https:\/\/www.calec-dz.org\/?author=1"},"uagb_comment_info":0,"uagb_excerpt":"&nbsp; &nbsp; &nbsp; &nbsp; &nbsp; &nbsp; LA Chambre Nationale d\u2019Agriculture (CNA) En collaboration avec R\u00e9seau Alg\u00e9rien d\u2019Economie Circulaire (CALEC) \/ Chaire \u2018\u2019Economie Circulaire et D\u00e9veloppement Durable\/ Universit\u00e9 M\u2019Hamed Bougara de Boumerdes Association Nationale d\u2019Eco-conception, Analyse de cycle de vie et D\u00e9veloppement durable Organisent LE 2i\u00e8me WORKSHOP NATIONAL SUR : CONTRIBUTION DE L\u2019\u00c9CONOMIE CIRCULAIRE DANS LA\u2026","_links":{"self":[{"href":"https:\/\/www.calec-dz.org\/index.php?rest_route=\/wp\/v2\/pages\/6"}],"collection":[{"href":"https:\/\/www.calec-dz.org\/index.php?rest_route=\/wp\/v2\/pages"}],"about":[{"href":"https:\/\/www.calec-dz.org\/index.php?rest_route=\/wp\/v2\/types\/page"}],"author":[{"embeddable":true,"href":"https:\/\/www.calec-dz.org\/index.php?rest_route=\/wp\/v2\/users\/1"}],"replies":[{"embeddable":true,"href":"https:\/\/www.calec-dz.org\/index.php?rest_route=%2Fwp%2Fv2%2Fcomments&post=6"}],"version-history":[{"count":394,"href":"https:\/\/www.calec-dz.org\/index.php?rest_route=\/wp\/v2\/pages\/6\/revisions"}],"predecessor-version":[{"id":3472,"href":"https:\/\/www.calec-dz.org\/index.php?rest_route=\/wp\/v2\/pages\/6\/revisions\/3472"}],"wp:attachment":[{"href":"https:\/\/www.calec-dz.org\/index.php?rest_route=%2Fwp%2Fv2%2Fmedia&parent=6"}],"curies":[{"name":"wp","href":"https:\/\/api.w.org\/{rel}","templated":true}]}}