{"id":481,"date":"2020-02-08T19:24:18","date_gmt":"2020-02-08T19:24:18","guid":{"rendered":"https:\/\/www.calec-dz.org\/?page_id=481"},"modified":"2020-02-08T19:52:28","modified_gmt":"2020-02-08T19:52:28","slug":"expert-internationaux","status":"publish","type":"page","link":"https:\/\/www.calec-dz.org\/?page_id=481","title":{"rendered":"EXPERTS INTERNATIONAUX"},"content":{"rendered":"\t\t<div data-elementor-type=\"wp-page\" data-elementor-id=\"481\" class=\"elementor elementor-481\">\n\t\t\t\t\t\t<section class=\"elementor-section elementor-top-section elementor-element elementor-element-7a9579c elementor-section-boxed elementor-section-height-default elementor-section-height-default\" data-id=\"7a9579c\" data-element_type=\"section\">\n\t\t\t\t\t\t<div class=\"elementor-container elementor-column-gap-default\">\n\t\t\t\t\t<div class=\"elementor-column elementor-col-100 elementor-top-column elementor-element elementor-element-3c96e49\" data-id=\"3c96e49\" data-element_type=\"column\">\n\t\t\t<div class=\"elementor-widget-wrap elementor-element-populated\">\n\t\t\t\t\t\t<div class=\"elementor-element elementor-element-90b33ba elementor-widget elementor-widget-heading\" data-id=\"90b33ba\" data-element_type=\"widget\" data-widget_type=\"heading.default\">\n\t\t\t\t<div class=\"elementor-widget-container\">\n\t\t\t<h2 class=\"elementor-heading-title elementor-size-default\">pr\u00e9sentation des membres<\/h2>\t\t<\/div>\n\t\t\t\t<\/div>\n\t\t\t\t\t<\/div>\n\t\t<\/div>\n\t\t\t\t\t<\/div>\n\t\t<\/section>\n\t\t\t\t<section class=\"elementor-section elementor-top-section elementor-element elementor-element-7132446 elementor-section-boxed elementor-section-height-default elementor-section-height-default\" data-id=\"7132446\" data-element_type=\"section\">\n\t\t\t\t\t\t<div class=\"elementor-container elementor-column-gap-default\">\n\t\t\t\t\t<div class=\"elementor-column elementor-col-100 elementor-top-column elementor-element elementor-element-824464d\" data-id=\"824464d\" data-element_type=\"column\">\n\t\t\t<div class=\"elementor-widget-wrap elementor-element-populated\">\n\t\t\t\t\t\t<div class=\"elementor-element elementor-element-fff9f41 animated-slow elementor-invisible elementor-widget elementor-widget-heading\" data-id=\"fff9f41\" data-element_type=\"widget\" data-settings=\"{&quot;_animation&quot;:&quot;zoomIn&quot;}\" data-widget_type=\"heading.default\">\n\t\t\t\t<div class=\"elementor-widget-container\">\n\t\t\t<h2 class=\"elementor-heading-title elementor-size-default\">EXPERTS INTERNATIONAUX<\/h2>\t\t<\/div>\n\t\t\t\t<\/div>\n\t\t\t\t\t<\/div>\n\t\t<\/div>\n\t\t\t\t\t<\/div>\n\t\t<\/section>\n\t\t\t\t<section class=\"elementor-section elementor-top-section elementor-element elementor-element-2c697ae animated-slow elementor-section-boxed elementor-section-height-default elementor-section-height-default elementor-invisible\" data-id=\"2c697ae\" data-element_type=\"section\" data-settings=\"{&quot;animation&quot;:&quot;zoomIn&quot;}\">\n\t\t\t\t\t\t<div class=\"elementor-container elementor-column-gap-default\">\n\t\t\t\t\t<div class=\"elementor-column elementor-col-100 elementor-top-column elementor-element elementor-element-572e1f4\" data-id=\"572e1f4\" data-element_type=\"column\">\n\t\t\t<div class=\"elementor-widget-wrap elementor-element-populated\">\n\t\t\t\t\t\t<div class=\"elementor-element elementor-element-b430a59 elementor-widget elementor-widget-text-editor\" data-id=\"b430a59\" data-element_type=\"widget\" data-widget_type=\"text-editor.default\">\n\t\t\t\t<div class=\"elementor-widget-container\">\n\t\t\t\t\t\t\t<table width=\"646\">\n<tbody>\n<tr>\n<td rowspan=\"5\" width=\"111\"><img decoding=\"async\" class=\"size-full wp-image-490 aligncenter\" src=\"http:\/\/www.calec-dz.org\/wp-content\/uploads\/2020\/02\/pascal.jpg\" alt=\"\" width=\"117\" height=\"152\" \/><\/td>\n<td width=\"111\"><strong>Pascal THOMAS <\/strong><\/td>\n<td width=\"374\"><strong><em>Expert\u00a0 International \/ ISO \/ AFNOR<\/em><\/strong><\/td>\n<\/tr>\n<tr>\n<td width=\"111\"><strong>Fonction <\/strong><\/td>\n<td width=\"374\">D\u00e9l\u00e9gu\u00e9 R\u00e9gional Est Groupe AFNOR- France <a href=\"Biography-Kettab-2016-Englais%20(1).pdf\"><strong>CV<\/strong><\/a><\/td>\n<\/tr>\n<tr>\n<td width=\"111\"><strong>T\u00e9l\u00e9phone <\/strong><\/td>\n<td width=\"374\">+33 (0) 3 83 86 52 92<\/td>\n<\/tr>\n<tr>\n<td width=\"111\"><strong>Courriel <\/strong><\/td>\n<td width=\"374\">\n<table>\n<tbody>\n<tr>\n<td><a href=\"mailto:pascal.thomas@afnor.org\">pascal.thomas@afnor.org<\/a><\/td>\n<\/tr>\n<\/tbody>\n<\/table>\n<\/td>\n<\/tr>\n\n<\/tbody>\n<\/table>\n<table width=\"640\">\n<tbody>\n<tr>\n<td rowspan=\"5\" width=\"111\"><img decoding=\"async\" class=\"size-full wp-image-491 aligncenter\" src=\"http:\/\/www.calec-dz.org\/wp-content\/uploads\/2020\/02\/menard.jpg\" alt=\"\" width=\"116\" height=\"163\" \/><\/td>\n<td width=\"113\"><strong>Jean-fran\u00e7ois MENARD<\/strong><\/td>\n<td width=\"416\"><strong><em>Expert\u00a0 International \/ ISO \/ CIRAIG<\/em><\/strong><\/td>\n<\/tr>\n<tr>\n<td width=\"113\"><strong>Fonction <\/strong><\/td>\n<td width=\"416\">Analyste, Polytechnique Montr\u00e9al,\u00a0Centre international de r\u00e9f\u00e9rence sur le cycle de vie des produits, proc\u00e9d\u00e9s et services (CIRAIG) Canada\u00a0\u00a0 <a href=\"Biography-Kettab-2016-Englais%20(1).pdf\">CV<\/a><\/td>\n<\/tr>\n<tr>\n<td width=\"113\"><strong>T\u00e9l\u00e9phone <\/strong><\/td>\n<td width=\"416\">514-340-4711 # 4871<\/td>\n<\/tr>\n<tr>\n<td width=\"113\"><strong>Courriel <\/strong><\/td>\n<td width=\"416\">\n<table>\n<tbody>\n<tr>\n<td><a href=\"mailto:jean-francois.menard@polymtl.ca\">jean-francois.menard@polymtl.ca<\/a><\/td>\n<\/tr>\n<\/tbody>\n<\/table>\n<\/td>\n<\/tr>\n\n<\/tbody>\n<\/table>\n<table width=\"640\">\n<tbody>\n<tr>\n<td rowspan=\"5\" width=\"111\"><img decoding=\"async\" class=\"size-full wp-image-492 aligncenter\" src=\"http:\/\/www.calec-dz.org\/wp-content\/uploads\/2020\/02\/rahim.jpg\" alt=\"\" width=\"112\" height=\"164\" \/><\/td>\n<td width=\"113\"><strong>Nabil RAHIM<\/strong><\/td>\n<td width=\"416\"><strong><em>Expert\u00a0 International \/ AFNOR<\/em><\/strong><\/td>\n<\/tr>\n<tr>\n<td width=\"113\"><strong>Fonction <\/strong><\/td>\n<td width=\"416\">Directeur G\u00e9n\u00e9ral AFAQ AFNOR International, Alg\u00e9rie, Filiale du Groupe FNOR\u00a0\u00a0\u00a0\u00a0\u00a0\u00a0\u00a0\u00a0 <a href=\"Biography-Kettab-2016-Englais%20(1).pdf\"><strong>CV<\/strong><\/a><\/td>\n<\/tr>\n<tr>\n<td width=\"113\"><strong>T\u00e9l\u00e9phone <\/strong><\/td>\n<td width=\"416\">+213\u00a0555\u00a0817\u00a0958<\/td>\n<\/tr>\n<tr>\n<td width=\"111\"><strong>Courriel <\/strong><\/td>\n<td width=\"416\">\n<table>\n<tbody>\n<tr>\n<td><a href=\"mailto:Rahim.nabil@afnor.org\">Rahim.nabil@afnor.org<\/a><\/td>\n<\/tr>\n<\/tbody>\n<\/table>\n<\/td>\n<\/tr>\n\n<\/tbody>\n<\/table>\t\t\t\t\t\t<\/div>\n\t\t\t\t<\/div>\n\t\t\t\t\t<\/div>\n\t\t<\/div>\n\t\t\t\t\t<\/div>\n\t\t<\/section>\n\t\t\t\t<\/div>\n\t\t","protected":false},"excerpt":{"rendered":"<p>pr\u00e9sentation des membres EXPERTS INTERNATIONAUX Pascal THOMAS Expert\u00a0 International \/ ISO \/ AFNOR Fonction D\u00e9l\u00e9gu\u00e9 R\u00e9gional Est Groupe AFNOR- France CV T\u00e9l\u00e9phone +33 (0) 3 83 86 52 92 Courriel pascal.thomas@afnor.org Jean-fran\u00e7ois MENARD Expert\u00a0 International \/ ISO \/ CIRAIG Fonction Analyste, Polytechnique Montr\u00e9al,\u00a0Centre international de r\u00e9f\u00e9rence sur le cycle de vie des produits, proc\u00e9d\u00e9s et [&hellip;]<\/p>\n","protected":false},"author":1,"featured_media":0,"parent":0,"menu_order":0,"comment_status":"closed","ping_status":"closed","template":"","meta":{"_regular_price":[],"currency_symbol":[],"_uag_custom_page_level_css":"","footnotes":""},"post_slider_layout_featured_media_urls":{"thumbnail":"","post_slider_layout_landscape_large":"","post_slider_layout_portrait_large":"","post_slider_layout_square_large":"","post_slider_layout_landscape":"","post_slider_layout_portrait":"","post_slider_layout_square":"","full":""},"uagb_featured_image_src":{"full":false,"thumbnail":false,"medium":false,"medium_large":false,"large":false,"ug_big":false,"1536x1536":false,"2048x2048":false,"post_slider_layout_landscape_large":false,"post_slider_layout_portrait_large":false,"post_slider_layout_square_large":false,"post_slider_layout_landscape":false,"post_slider_layout_portrait":false,"post_slider_layout_square":false},"uagb_author_info":{"display_name":"admin","author_link":"https:\/\/www.calec-dz.org\/?author=1"},"uagb_comment_info":0,"uagb_excerpt":"pr\u00e9sentation des membres EXPERTS INTERNATIONAUX Pascal THOMAS Expert\u00a0 International \/ ISO \/ AFNOR Fonction D\u00e9l\u00e9gu\u00e9 R\u00e9gional Est Groupe AFNOR- France CV T\u00e9l\u00e9phone +33 (0) 3 83 86 52 92 Courriel pascal.thomas@afnor.org Jean-fran\u00e7ois MENARD Expert\u00a0 International \/ ISO \/ CIRAIG Fonction Analyste, Polytechnique Montr\u00e9al,\u00a0Centre international de r\u00e9f\u00e9rence sur le cycle de vie des produits, proc\u00e9d\u00e9s et\u2026","_links":{"self":[{"href":"https:\/\/www.calec-dz.org\/index.php?rest_route=\/wp\/v2\/pages\/481"}],"collection":[{"href":"https:\/\/www.calec-dz.org\/index.php?rest_route=\/wp\/v2\/pages"}],"about":[{"href":"https:\/\/www.calec-dz.org\/index.php?rest_route=\/wp\/v2\/types\/page"}],"author":[{"embeddable":true,"href":"https:\/\/www.calec-dz.org\/index.php?rest_route=\/wp\/v2\/users\/1"}],"replies":[{"embeddable":true,"href":"https:\/\/www.calec-dz.org\/index.php?rest_route=%2Fwp%2Fv2%2Fcomments&post=481"}],"version-history":[{"count":10,"href":"https:\/\/www.calec-dz.org\/index.php?rest_route=\/wp\/v2\/pages\/481\/revisions"}],"predecessor-version":[{"id":499,"href":"https:\/\/www.calec-dz.org\/index.php?rest_route=\/wp\/v2\/pages\/481\/revisions\/499"}],"wp:attachment":[{"href":"https:\/\/www.calec-dz.org\/index.php?rest_route=%2Fwp%2Fv2%2Fmedia&parent=481"}],"curies":[{"name":"wp","href":"https:\/\/api.w.org\/{rel}","templated":true}]}}