{"id":390,"date":"2020-02-08T07:31:43","date_gmt":"2020-02-08T07:31:43","guid":{"rendered":"https:\/\/www.calec-dz.org\/?page_id=390"},"modified":"2020-02-08T19:23:20","modified_gmt":"2020-02-08T19:23:20","slug":"experts-internationaux","status":"publish","type":"page","link":"https:\/\/www.calec-dz.org\/?page_id=390","title":{"rendered":"EXPERTS NATIONAUX"},"content":{"rendered":"\t\t<div data-elementor-type=\"wp-page\" data-elementor-id=\"390\" class=\"elementor elementor-390\">\n\t\t\t\t\t\t<section class=\"elementor-section elementor-top-section elementor-element elementor-element-aff43bf elementor-section-boxed elementor-section-height-default elementor-section-height-default\" data-id=\"aff43bf\" data-element_type=\"section\">\n\t\t\t\t\t\t<div class=\"elementor-container elementor-column-gap-default\">\n\t\t\t\t\t<div class=\"elementor-column elementor-col-100 elementor-top-column elementor-element elementor-element-98764a1\" data-id=\"98764a1\" data-element_type=\"column\">\n\t\t\t<div class=\"elementor-widget-wrap elementor-element-populated\">\n\t\t\t\t\t\t<div class=\"elementor-element elementor-element-0daee67 elementor-widget elementor-widget-heading\" data-id=\"0daee67\" data-element_type=\"widget\" data-widget_type=\"heading.default\">\n\t\t\t\t<div class=\"elementor-widget-container\">\n\t\t\t<h1 class=\"elementor-heading-title elementor-size-default\">pr\u00e9sentation des membres<\/h1>\t\t<\/div>\n\t\t\t\t<\/div>\n\t\t\t\t\t<\/div>\n\t\t<\/div>\n\t\t\t\t\t<\/div>\n\t\t<\/section>\n\t\t\t\t<section class=\"elementor-section elementor-top-section elementor-element elementor-element-3e245ae animated-slow elementor-section-boxed elementor-section-height-default elementor-section-height-default elementor-invisible\" data-id=\"3e245ae\" data-element_type=\"section\" data-settings=\"{&quot;animation&quot;:&quot;zoomIn&quot;}\">\n\t\t\t\t\t\t<div class=\"elementor-container elementor-column-gap-default\">\n\t\t\t\t\t<div class=\"elementor-column elementor-col-100 elementor-top-column elementor-element elementor-element-696c4ba\" data-id=\"696c4ba\" data-element_type=\"column\">\n\t\t\t<div class=\"elementor-widget-wrap elementor-element-populated\">\n\t\t\t\t\t\t<div class=\"elementor-element elementor-element-17285c8 elementor-widget elementor-widget-heading\" data-id=\"17285c8\" data-element_type=\"widget\" data-widget_type=\"heading.default\">\n\t\t\t\t<div class=\"elementor-widget-container\">\n\t\t\t<h2 class=\"elementor-heading-title elementor-size-default\">EXPERTS NATIONAUX<\/h2>\t\t<\/div>\n\t\t\t\t<\/div>\n\t\t\t\t\t<\/div>\n\t\t<\/div>\n\t\t\t\t\t<\/div>\n\t\t<\/section>\n\t\t\t\t<section class=\"elementor-section elementor-top-section elementor-element elementor-element-a675a68 animated-slow elementor-section-boxed elementor-section-height-default elementor-section-height-default elementor-invisible\" data-id=\"a675a68\" data-element_type=\"section\" data-settings=\"{&quot;animation&quot;:&quot;zoomIn&quot;}\">\n\t\t\t\t\t\t<div class=\"elementor-container elementor-column-gap-default\">\n\t\t\t\t\t<div class=\"elementor-column elementor-col-100 elementor-top-column elementor-element elementor-element-ceb2ceb\" data-id=\"ceb2ceb\" data-element_type=\"column\">\n\t\t\t<div class=\"elementor-widget-wrap elementor-element-populated\">\n\t\t\t\t\t\t<div class=\"elementor-element elementor-element-61f5a81 elementor-widget elementor-widget-text-editor\" data-id=\"61f5a81\" data-element_type=\"widget\" data-widget_type=\"text-editor.default\">\n\t\t\t\t<div class=\"elementor-widget-container\">\n\t\t\t\t\t\t\t<table width=\"649\"><tbody><tr><td rowspan=\"5\" width=\"162\"><img decoding=\"async\" class=\"size-full wp-image-467 aligncenter\" src=\"http:\/\/www.calec-dz.org\/wp-content\/uploads\/2020\/02\/raja.jpg\" alt=\"\" width=\"145\" height=\"182\" \/><\/td><td width=\"115\"><p><strong>Radja BENHAMIDA<\/strong><\/p><p><strong>\u00a0<\/strong><\/p><p><strong>\u00a0<\/strong><\/p><\/td><td width=\"371\"><strong><em>Expert National\/ Analyse de Cycle de Vie<\/em><\/strong><\/td><\/tr><tr><td width=\"115\"><strong>Fonction <\/strong><\/td><td width=\"371\">Mast\u00e8re sp\u00e9cialis\u00e9 &#8220;NQCE&#8221; en Normalisation, qualit\u00e9, certification et essais\u00a0; Universit\u00e9 de Technologie de Compi\u00e8gne\u00a0 \u00a0\u00a0\u00a0<a href=\"Biography-Kettab-2016-Englais%20(1).pdf\"><strong>CV<\/strong><\/a><\/td><\/tr><tr><td width=\"115\"><strong>T\u00e9l\u00e9phone <\/strong><\/td><td width=\"371\">+ 213\u00a0 770541893<\/td><\/tr><tr><td width=\"115\"><strong>Courriel <\/strong><\/td><td width=\"371\"><table><tbody><tr><td><a href=\"mailto:Radjabenhamida@gmail.com\">Radjabenhamida@gmail.com<\/a><\/td><\/tr><\/tbody><\/table><\/td><\/tr><tr><td width=\"115\"><strong>Linkedin <\/strong><\/td><td width=\"371\">\u00a0<\/td><\/tr><\/tbody><\/table><table width=\"659\"><tbody><tr><td rowspan=\"5\" width=\"145\"><img decoding=\"async\" class=\"size-full wp-image-469 aligncenter\" src=\"http:\/\/www.calec-dz.org\/wp-content\/uploads\/2020\/02\/kheddam.jpg\" alt=\"\" width=\"129\" height=\"145\" \/><\/td><td width=\"117\"><p><strong>Mohammed KHEDDAM<\/strong><\/p><p><strong>\u00a0<\/strong><\/p><p><strong>\u00a0<\/strong><\/p><\/td><td width=\"397\"><strong><em>Expert National\/ <\/em><\/strong><strong><em>Responsabilit\u00e9 Soci\u00e9tale des Entreprises<\/em><\/strong><\/td><\/tr><tr><td width=\"117\"><strong>Fonction <\/strong><\/td><td width=\"397\">Directeur\u00a0 Adjoint IANOR <a href=\"http:\/\/www.ianor.dz\">www.ianor.dz<\/a> \u00a0<a href=\"Biography-Kettab-2016-Englais%20(1).pdf\"><strong>CV<\/strong><\/a><\/td><\/tr><tr><td width=\"117\"><strong>T\u00e9l\u00e9phone <\/strong><\/td><td width=\"397\">+ 213 0 561 61 20 05<\/td><\/tr><tr><td width=\"117\"><strong>Courriel <\/strong><\/td><td width=\"397\"><table><tbody><tr><td><a href=\"mailto:mkheddam2050@gmail.com\">mkheddam2050@gmail.com<\/a><\/td><\/tr><\/tbody><\/table><\/td><\/tr><tr><td width=\"117\"><strong>Linkedin <\/strong><\/td><td width=\"397\">\u00a0<\/td><\/tr><\/tbody><\/table><table width=\"640\"><tbody><tr><td rowspan=\"5\" width=\"111\"><img decoding=\"async\" class=\"size-full wp-image-471 aligncenter\" src=\"http:\/\/www.calec-dz.org\/wp-content\/uploads\/2020\/02\/samar.jpg\" alt=\"\" width=\"123\" height=\"144\" \/><\/td><td width=\"113\"><strong>Mme Louisa SAMAR <\/strong><\/td><td width=\"416\"><strong><em>Expert National \/Label\u00a0 Ecologique<\/em><\/strong><\/td><\/tr><tr><td width=\"113\"><strong>Fonction <\/strong><\/td><td width=\"416\">Ing\u00e9nieur\u00a0 laboratoire\u00a0 Direction Centrale de Recherche\u00a0 \/ Direction Normalisation certification et M\u00e9trologie de la DC\/RDT\u00a0: SONATRACH\u00a0\u00a0\u00a0\u00a0\u00a0\u00a0\u00a0\u00a0\u00a0\u00a0\u00a0\u00a0\u00a0\u00a0\u00a0\u00a0\u00a0\u00a0\u00a0\u00a0\u00a0\u00a0\u00a0\u00a0\u00a0\u00a0\u00a0\u00a0\u00a0\u00a0 \u00a0<a href=\"Biography-Kettab-2016-Englais%20(1).pdf\"><strong>CV<\/strong><\/a><\/td><\/tr><tr><td width=\"113\"><strong>T\u00e9l\u00e9phone <\/strong><\/td><td width=\"416\">+213 0550521575<\/td><\/tr><tr><td width=\"113\"><strong>Courriel <\/strong><\/td><td width=\"416\"><table><tbody><tr><td><a href=\"mailto:samlou4561@yahoo.fr\">samlou4561@yahoo.fr<\/a><\/td><\/tr><\/tbody><\/table><\/td><\/tr><tr><td width=\"113\"><strong>Linkedin <\/strong><\/td><td width=\"416\">\u00a0<\/td><\/tr><\/tbody><\/table><table width=\"659\"><tbody><tr><td rowspan=\"5\" width=\"140\"><img loading=\"lazy\" decoding=\"async\" class=\"alignnone size-full wp-image-473\" src=\"http:\/\/www.calec-dz.org\/wp-content\/uploads\/2020\/02\/Aoun.jpg\" alt=\"\" width=\"129\" height=\"148\" \/><\/td><td colspan=\"2\" width=\"117\"><p><strong>Asmahan AOUN<\/strong><\/p><p><strong>\u00a0<\/strong><\/p><p><strong>\u00a0<\/strong><\/p><\/td><td colspan=\"2\" width=\"402\"><strong><em>Expert National\/ <\/em><\/strong><strong><em>Responsabilit\u00e9 Soci\u00e9tale des Entreprises<\/em><\/strong><\/td><\/tr><tr><td colspan=\"2\" width=\"117\"><strong>Fonction <\/strong><\/td><td colspan=\"2\" width=\"402\">Responsable Management Qualit\u00e9 \u00e0 STH-SONATARCH\u00a0 \u00a0<a href=\"Biography-Kettab-2016-Englais%20(1).pdf\"><strong>CV<\/strong><\/a><\/td><\/tr><tr><td colspan=\"2\" width=\"117\"><strong>T\u00e9l\u00e9phone <\/strong><\/td><td colspan=\"2\" width=\"402\">+ 213 0771 786\u00a0986,\u00a0 + 213 \u00a00557 189 764<\/td><\/tr><tr><td colspan=\"2\" width=\"117\"><strong>Courriel <\/strong><\/td><td colspan=\"2\" width=\"402\"><table><tbody><tr><td><a href=\"mailto:Rsmq2008@yahoo.fr\">Rsmq2008@yahoo.fr<\/a><\/td><\/tr><\/tbody><\/table><\/td><\/tr><tr><td colspan=\"2\" width=\"117\"><strong>Linkedin <\/strong><\/td><td colspan=\"2\" width=\"402\">\u00a0<\/td><\/tr><\/tbody><\/table><table width=\"649\"><tbody><tr><td rowspan=\"5\" width=\"112\"><img loading=\"lazy\" decoding=\"async\" class=\"size-full wp-image-475 aligncenter\" src=\"http:\/\/www.calec-dz.org\/wp-content\/uploads\/2020\/02\/krid.jpg\" alt=\"\" width=\"127\" height=\"164\" \/><\/td><td width=\"122\"><p><strong>Abderrezak KRID<\/strong><\/p><p><strong>\u00a0<\/strong><\/p><p><strong>\u00a0<\/strong><\/p><\/td><td width=\"415\"><p><strong><em>Expert National\/ Management Environnemental<\/em><\/strong><\/p><\/td><\/tr><tr><td width=\"122\"><p><strong>Fonction <\/strong><\/p><\/td><td width=\"415\"><p>Ex Professeur universit\u00e9 de Boumerdes en management de qualit\u00e9\u00a0; Responsable d&#8217;audit aupr\u00e8s de l&#8217;organisme de certification SGS-qualit\u00e9s\u00a0 \u00a0<a href=\"Biography-Kettab-2016-Englais%20(1).pdf\"><strong>CV<\/strong><\/a><\/p><p>\u00a0<\/p><\/td><\/tr><tr><td width=\"122\"><p><strong>T\u00e9l\u00e9phone <\/strong><\/p><\/td><td width=\"415\"><p>+ 213 0668917253\u00a0; +213 0559428798<\/p><\/td><\/tr><tr><td width=\"122\"><p><strong>Courriel <\/strong><\/p><\/td><td width=\"415\"><table><tbody><tr><td><p><a href=\"mailto:krid_adz@yahoo.fr\">krid_adz@yahoo.fr<\/a><\/p><\/td><\/tr><\/tbody><\/table><\/td><\/tr><tr><td width=\"122\"><p><strong>Linkedin <\/strong><\/p><\/td><td width=\"415\">\u00a0<\/td><\/tr><\/tbody><\/table><table width=\"649\"><tbody><tr><td rowspan=\"5\" width=\"112\"><img loading=\"lazy\" decoding=\"async\" class=\"size-full wp-image-476 aligncenter\" src=\"http:\/\/www.calec-dz.org\/wp-content\/uploads\/2020\/02\/somia.jpg\" alt=\"\" width=\"122\" height=\"163\" \/><\/td><td width=\"122\"><p><strong>Somia BACHA<\/strong><\/p><p><strong>\u00a0<\/strong><\/p><p><strong>\u00a0<\/strong><\/p><\/td><td width=\"415\"><strong><em>Expert National\/ Empreinte Eau<\/em><\/strong><\/td><\/tr><tr><td width=\"122\"><strong>Fonction <\/strong><\/td><td width=\"415\">Ing\u00e9nieur Normalisation\u00a0 IANOR (Institut Alg\u00e9rien de Normalisation) \u00a0\u00a0<a href=\"Biography-Kettab-2016-Englais%20(1).pdf\"><strong>CV<\/strong><\/a><\/td><\/tr><tr><td width=\"122\"><strong>T\u00e9l\u00e9phone <\/strong><\/td><td width=\"415\">+ 213 0551 516\u00a0743<\/td><\/tr><tr><td width=\"122\"><strong>Courriel <\/strong><\/td><td width=\"415\"><table><tbody><tr><td><a href=\"mailto:bacha.ianor@yahoo.fr\">bacha.ianor@yahoo.fr<\/a><\/td><\/tr><\/tbody><\/table><\/td><\/tr><tr><td width=\"122\"><strong>Linkedin <\/strong><\/td><td width=\"415\">\u00a0<\/td><\/tr><\/tbody><\/table><table width=\"640\"><tbody><tr><td rowspan=\"5\" width=\"139\"><img loading=\"lazy\" decoding=\"async\" class=\"size-full wp-image-478 aligncenter\" src=\"http:\/\/www.calec-dz.org\/wp-content\/uploads\/2020\/02\/lagha.jpg\" alt=\"\" width=\"121\" height=\"160\" \/><\/td><td width=\"108\"><strong>Mme Fatiha LAGHA <\/strong><\/td><td width=\"394\"><strong><em>Expert National \/Audit et Commissaire\u00a0 aux comptes<\/em><\/strong><\/td><\/tr><tr><td width=\"108\"><strong>Fonction <\/strong><\/td><td width=\"394\">Administrateur principal \u2013 Facult\u00e9 de m\u00e9decine- Universit\u00e9 d\u2019Alger \/\u00a0 Ing\u00e9nieur sp\u00e9cialis\u00e9 en \u00e9conomie verte\u00a0\u00a0\u00a0\u00a0\u00a0\u00a0\u00a0\u00a0\u00a0\u00a0\u00a0\u00a0\u00a0\u00a0\u00a0\u00a0\u00a0\u00a0\u00a0 \u00a0\u00a0\u00a0\u00a0<a href=\"Biography-Kettab-2016-Englais%20(1).pdf\"><strong>CV<\/strong><\/a><\/td><\/tr><tr><td width=\"108\"><strong>T\u00e9l\u00e9phone <\/strong><\/td><td width=\"394\">+213 0556342660<\/td><\/tr><tr><td width=\"108\"><strong>Courriel <\/strong><\/td><td width=\"394\"><table><tbody><tr><td><a href=\"mailto:lag.audit@gmail.com\">lag.audit@gmail.com<\/a><\/td><\/tr><\/tbody><\/table><\/td><\/tr><tr><td width=\"108\"><strong>Linkedin <\/strong><\/td><td width=\"394\">\u00a0<\/td><\/tr><\/tbody><\/table>\t\t\t\t\t\t<\/div>\n\t\t\t\t<\/div>\n\t\t\t\t\t<\/div>\n\t\t<\/div>\n\t\t\t\t\t<\/div>\n\t\t<\/section>\n\t\t\t\t<\/div>\n\t\t","protected":false},"excerpt":{"rendered":"<p>pr\u00e9sentation des membres EXPERTS NATIONAUX Radja BENHAMIDA &nbsp; &nbsp; Expert National\/ Analyse de Cycle de Vie Fonction Mast\u00e8re sp\u00e9cialis\u00e9 &#8220;NQCE&#8221; en Normalisation, qualit\u00e9, certification et essais&nbsp;; Universit\u00e9 de Technologie de Compi\u00e8gne&nbsp; &nbsp;&nbsp;&nbsp;CV T\u00e9l\u00e9phone + 213&nbsp; 770541893 Courriel Radjabenhamida@gmail.com Linkedin &nbsp; Mohammed KHEDDAM &nbsp; &nbsp; Expert National\/ Responsabilit\u00e9 Soci\u00e9tale des Entreprises Fonction Directeur&nbsp; Adjoint IANOR www.ianor.dz [&hellip;]<\/p>\n","protected":false},"author":1,"featured_media":0,"parent":0,"menu_order":0,"comment_status":"closed","ping_status":"closed","template":"","meta":{"_regular_price":[],"currency_symbol":[],"_uag_custom_page_level_css":"","footnotes":""},"post_slider_layout_featured_media_urls":{"thumbnail":"","post_slider_layout_landscape_large":"","post_slider_layout_portrait_large":"","post_slider_layout_square_large":"","post_slider_layout_landscape":"","post_slider_layout_portrait":"","post_slider_layout_square":"","full":""},"uagb_featured_image_src":{"full":false,"thumbnail":false,"medium":false,"medium_large":false,"large":false,"ug_big":false,"1536x1536":false,"2048x2048":false,"post_slider_layout_landscape_large":false,"post_slider_layout_portrait_large":false,"post_slider_layout_square_large":false,"post_slider_layout_landscape":false,"post_slider_layout_portrait":false,"post_slider_layout_square":false},"uagb_author_info":{"display_name":"admin","author_link":"https:\/\/www.calec-dz.org\/?author=1"},"uagb_comment_info":0,"uagb_excerpt":"pr\u00e9sentation des membres EXPERTS NATIONAUX Radja BENHAMIDA &nbsp; &nbsp; Expert National\/ Analyse de Cycle de Vie Fonction Mast\u00e8re sp\u00e9cialis\u00e9 &#8220;NQCE&#8221; en Normalisation, qualit\u00e9, certification et essais&nbsp;; Universit\u00e9 de Technologie de Compi\u00e8gne&nbsp; &nbsp;&nbsp;&nbsp;CV T\u00e9l\u00e9phone + 213&nbsp; 770541893 Courriel Radjabenhamida@gmail.com Linkedin &nbsp; Mohammed KHEDDAM &nbsp; &nbsp; Expert National\/ Responsabilit\u00e9 Soci\u00e9tale des Entreprises Fonction Directeur&nbsp; Adjoint IANOR www.ianor.dz\u2026","_links":{"self":[{"href":"https:\/\/www.calec-dz.org\/index.php?rest_route=\/wp\/v2\/pages\/390"}],"collection":[{"href":"https:\/\/www.calec-dz.org\/index.php?rest_route=\/wp\/v2\/pages"}],"about":[{"href":"https:\/\/www.calec-dz.org\/index.php?rest_route=\/wp\/v2\/types\/page"}],"author":[{"embeddable":true,"href":"https:\/\/www.calec-dz.org\/index.php?rest_route=\/wp\/v2\/users\/1"}],"replies":[{"embeddable":true,"href":"https:\/\/www.calec-dz.org\/index.php?rest_route=%2Fwp%2Fv2%2Fcomments&post=390"}],"version-history":[{"count":13,"href":"https:\/\/www.calec-dz.org\/index.php?rest_route=\/wp\/v2\/pages\/390\/revisions"}],"predecessor-version":[{"id":480,"href":"https:\/\/www.calec-dz.org\/index.php?rest_route=\/wp\/v2\/pages\/390\/revisions\/480"}],"wp:attachment":[{"href":"https:\/\/www.calec-dz.org\/index.php?rest_route=%2Fwp%2Fv2%2Fmedia&parent=390"}],"curies":[{"name":"wp","href":"https:\/\/api.w.org\/{rel}","templated":true}]}}