{"id":386,"date":"2020-02-08T07:30:36","date_gmt":"2020-02-08T07:30:36","guid":{"rendered":"https:\/\/www.calec-dz.org\/?page_id=386"},"modified":"2020-02-08T18:57:23","modified_gmt":"2020-02-08T18:57:23","slug":"professeurs-chercheurs-internationaux","status":"publish","type":"page","link":"https:\/\/www.calec-dz.org\/?page_id=386","title":{"rendered":"PROFESSEURS \/ CHERCHEURS INTERNATIONAUX"},"content":{"rendered":"\t\t<div data-elementor-type=\"wp-page\" data-elementor-id=\"386\" class=\"elementor elementor-386\">\n\t\t\t\t\t\t<section class=\"elementor-section elementor-top-section elementor-element elementor-element-2bae409 elementor-section-boxed elementor-section-height-default elementor-section-height-default\" data-id=\"2bae409\" data-element_type=\"section\">\n\t\t\t\t\t\t<div class=\"elementor-container elementor-column-gap-default\">\n\t\t\t\t\t<div class=\"elementor-column elementor-col-100 elementor-top-column elementor-element elementor-element-60bed34\" data-id=\"60bed34\" data-element_type=\"column\">\n\t\t\t<div class=\"elementor-widget-wrap elementor-element-populated\">\n\t\t\t\t\t\t<div class=\"elementor-element elementor-element-5fcb762 elementor-widget elementor-widget-heading\" data-id=\"5fcb762\" data-element_type=\"widget\" data-widget_type=\"heading.default\">\n\t\t\t\t<div class=\"elementor-widget-container\">\n\t\t\t<h2 class=\"elementor-heading-title elementor-size-default\">pr\u00e9sentation des membres<\/h2>\t\t<\/div>\n\t\t\t\t<\/div>\n\t\t\t\t\t<\/div>\n\t\t<\/div>\n\t\t\t\t\t<\/div>\n\t\t<\/section>\n\t\t\t\t<section class=\"elementor-section elementor-top-section elementor-element elementor-element-1f4860d animated-slow elementor-section-boxed elementor-section-height-default elementor-section-height-default elementor-invisible\" data-id=\"1f4860d\" data-element_type=\"section\" data-settings=\"{&quot;animation&quot;:&quot;zoomIn&quot;}\">\n\t\t\t\t\t\t<div class=\"elementor-container elementor-column-gap-default\">\n\t\t\t\t\t<div class=\"elementor-column elementor-col-100 elementor-top-column elementor-element elementor-element-6b1d5e8\" data-id=\"6b1d5e8\" data-element_type=\"column\">\n\t\t\t<div class=\"elementor-widget-wrap elementor-element-populated\">\n\t\t\t\t\t\t<div class=\"elementor-element elementor-element-db1f6b5 elementor-widget elementor-widget-heading\" data-id=\"db1f6b5\" data-element_type=\"widget\" data-widget_type=\"heading.default\">\n\t\t\t\t<div class=\"elementor-widget-container\">\n\t\t\t<h2 class=\"elementor-heading-title elementor-size-default\">PROFESSEURS \/ CHERCHEURS INTERNATIONAUX <\/h2>\t\t<\/div>\n\t\t\t\t<\/div>\n\t\t\t\t\t<\/div>\n\t\t<\/div>\n\t\t\t\t\t<\/div>\n\t\t<\/section>\n\t\t\t\t<section class=\"elementor-section elementor-top-section elementor-element elementor-element-3007cf5 animated-slow elementor-section-boxed elementor-section-height-default elementor-section-height-default elementor-invisible\" data-id=\"3007cf5\" data-element_type=\"section\" data-settings=\"{&quot;animation&quot;:&quot;zoomIn&quot;}\">\n\t\t\t\t\t\t<div class=\"elementor-container elementor-column-gap-default\">\n\t\t\t\t\t<div class=\"elementor-column elementor-col-100 elementor-top-column elementor-element elementor-element-6504f6b\" data-id=\"6504f6b\" data-element_type=\"column\">\n\t\t\t<div class=\"elementor-widget-wrap elementor-element-populated\">\n\t\t\t\t\t\t<div class=\"elementor-element elementor-element-8b4735b elementor-widget elementor-widget-text-editor\" data-id=\"8b4735b\" data-element_type=\"widget\" data-widget_type=\"text-editor.default\">\n\t\t\t\t<div class=\"elementor-widget-container\">\n\t\t\t\t\t\t\t<table width=\"669\"><tbody><tr><td rowspan=\"5\" width=\"150\"><img decoding=\"async\" class=\"size-full wp-image-462 aligncenter\" src=\"http:\/\/www.calec-dz.org\/wp-content\/uploads\/2020\/02\/quaranta.jpg\" alt=\"\" width=\"136\" height=\"162\" \/><\/td><td width=\"117\"><p><strong>Ga\u00e9tana QUARANTA<\/strong><\/p><p><strong>\u00a0<\/strong><\/p><\/td><td width=\"402\"><p><strong><em>Professeur \/Chercheur \/ Analyse de Cycle de Vie \/France<\/em><\/strong><\/p><\/td><\/tr><tr><td width=\"117\"><p><strong>Fonction <\/strong><\/p><\/td><td width=\"402\"><p>Ma\u00eetre de Conf\u00e9rence \u2013 UdS -Laboratoire d\u2019hydrologie et de G\u00e9ochimie de la Surface \/CNRS, 1 Rue Blessig 67084 Strasbourg cedex \u2013 France\u00a0\u00a0\u00a0\u00a0\u00a0\u00a0\u00a0\u00a0\u00a0\u00a0\u00a0\u00a0\u00a0\u00a0\u00a0\u00a0\u00a0\u00a0\u00a0\u00a0\u00a0\u00a0\u00a0\u00a0\u00a0\u00a0\u00a0\u00a0\u00a0\u00a0\u00a0\u00a0 <a href=\"Biography-Kettab-2016-Englais%20(1).pdf\"><strong>CV<\/strong><\/a><\/p><\/td><\/tr><tr><td width=\"117\"><p><strong>T\u00e9l\u00e9phone <\/strong><\/p><\/td><td width=\"402\"><p>03 68 85 03 79 T\u00e9l\u00e9copie\u00a0: 03 90 24 04 02<\/p><\/td><\/tr><tr><td width=\"117\"><p><strong>Courriel <\/strong><\/p><\/td><td width=\"402\"><table><tbody><tr><td><p><a href=\"mailto:quaranta@unistra.fr\">quaranta@unistra.fr<\/a> \u00a0<\/p><\/td><\/tr><\/tbody><\/table><\/td><\/tr><tr><td width=\"117\"><p><strong>Linkedin <\/strong><\/p><\/td><td width=\"402\">\u00a0<\/td><\/tr><\/tbody><\/table><table width=\"669\"><tbody><tr><td rowspan=\"5\" width=\"156\"><img decoding=\"async\" class=\"size-full wp-image-464 aligncenter\" src=\"http:\/\/www.calec-dz.org\/wp-content\/uploads\/2020\/02\/merad.jpg\" alt=\"\" width=\"140\" height=\"170\" \/><\/td><td width=\"114\"><p><strong>Myriam MERAD <\/strong><\/p><p><strong>\u00a0<\/strong><\/p><\/td><td width=\"398\"><p><strong><em>Professeur \/Chercheur \/ Analyse de Cycle de Vie \/France<\/em><\/strong><\/p><\/td><\/tr><tr><td width=\"114\"><p><strong>Fonction <\/strong><\/p><\/td><td width=\"398\"><p>Directeur de Recherche CNRS &#8211; InSHS Institut des Sciences Humaines et Sociales- CNRS- France\u00a0\u00a0\u00a0\u00a0\u00a0\u00a0\u00a0\u00a0\u00a0\u00a0\u00a0\u00a0\u00a0\u00a0\u00a0\u00a0\u00a0\u00a0\u00a0\u00a0\u00a0\u00a0\u00a0\u00a0\u00a0 <a href=\"Biography-Kettab-2016-Englais%20(1).pdf\">CV<\/a><\/p><\/td><\/tr><tr><td width=\"114\"><p><strong>T\u00e9l\u00e9phone <\/strong><\/p><\/td><td width=\"398\"><p>+ 33 (0)7 69 22 41 77 Mobile + 33 (0)7 69 22 41 77<\/p><p><strong>\u00a0<\/strong><\/p><\/td><\/tr><tr><td width=\"114\"><p><strong>Courriel <\/strong><\/p><\/td><td width=\"398\"><table><tbody><tr><td><p><a href=\"mailto:myriam.merad_cnrs@yahoo.com\">myriam.merad_cnrs@yahoo.com<\/a><\/p><\/td><\/tr><\/tbody><\/table><\/td><\/tr><tr><td width=\"114\"><p><strong>Linkedin <\/strong><\/p><\/td><td width=\"398\">\u00a0<\/td><\/tr><\/tbody><\/table><table width=\"659\"><tbody><tr><td rowspan=\"5\" width=\"158\"><img decoding=\"async\" class=\"alignnone size-full wp-image-465\" src=\"http:\/\/www.calec-dz.org\/wp-content\/uploads\/2020\/02\/cherifi.jpg\" alt=\"\" width=\"135\" height=\"142\" \/><\/td><td width=\"106\"><p><strong>Ahmed CHERIFI<\/strong><\/p><\/td><td width=\"395\"><p><strong><em>Professeur \/Chercheur \/ Ecoconception \/Canada<\/em><\/strong><\/p><\/td><\/tr><tr><td width=\"106\"><p><strong>Fonction <\/strong><\/p><\/td><td width=\"395\"><p>Professeur Ecole de Technologie Sup\u00e9rieure\u00a0 Montr\u00e9al Canada\u00a0\u00a0\u00a0\u00a0\u00a0\u00a0 <a href=\"Biography-Kettab-2016-Englais%20(1).pdf\">CV<\/a><\/p><\/td><\/tr><tr><td width=\"106\"><p><strong>T\u00e9l\u00e9phone <\/strong><\/p><\/td><td width=\"395\"><p>+213 661 529 524;\u00a0\u00a0\u00a0\u00a0\u00a0\u00a0<\/p><\/td><\/tr><tr><td width=\"106\"><p><strong>Courriel <\/strong><\/p><\/td><td width=\"395\"><table><tbody><tr><td><p><a href=\"mailto:cherifi@yahoo.fr\">cherifi@yahoo.fr<\/a>\u00a0\u00a0<\/p><\/td><\/tr><\/tbody><\/table><\/td><\/tr><tr><td width=\"106\"><p><strong>Linkedin <\/strong><\/p><\/td><td width=\"395\">\u00a0<\/td><\/tr><\/tbody><\/table>\t\t\t\t\t\t<\/div>\n\t\t\t\t<\/div>\n\t\t\t\t\t<\/div>\n\t\t<\/div>\n\t\t\t\t\t<\/div>\n\t\t<\/section>\n\t\t\t\t<\/div>\n\t\t","protected":false},"excerpt":{"rendered":"<p>pr\u00e9sentation des membres PROFESSEURS \/ CHERCHEURS INTERNATIONAUX Ga\u00e9tana QUARANTA \u00a0 Professeur \/Chercheur \/ Analyse de Cycle de Vie \/France Fonction Ma\u00eetre de Conf\u00e9rence \u2013 UdS -Laboratoire d\u2019hydrologie et de G\u00e9ochimie de la Surface \/CNRS, 1 Rue Blessig 67084 Strasbourg cedex \u2013 France\u00a0\u00a0\u00a0\u00a0\u00a0\u00a0\u00a0\u00a0\u00a0\u00a0\u00a0\u00a0\u00a0\u00a0\u00a0\u00a0\u00a0\u00a0\u00a0\u00a0\u00a0\u00a0\u00a0\u00a0\u00a0\u00a0\u00a0\u00a0\u00a0\u00a0\u00a0\u00a0 CV T\u00e9l\u00e9phone 03 68 85 03 79 T\u00e9l\u00e9copie\u00a0: 03 90 24 04 02 [&hellip;]<\/p>\n","protected":false},"author":1,"featured_media":0,"parent":0,"menu_order":0,"comment_status":"closed","ping_status":"closed","template":"","meta":{"_regular_price":[],"currency_symbol":[],"_uag_custom_page_level_css":"","footnotes":""},"post_slider_layout_featured_media_urls":{"thumbnail":"","post_slider_layout_landscape_large":"","post_slider_layout_portrait_large":"","post_slider_layout_square_large":"","post_slider_layout_landscape":"","post_slider_layout_portrait":"","post_slider_layout_square":"","full":""},"uagb_featured_image_src":{"full":false,"thumbnail":false,"medium":false,"medium_large":false,"large":false,"ug_big":false,"1536x1536":false,"2048x2048":false,"post_slider_layout_landscape_large":false,"post_slider_layout_portrait_large":false,"post_slider_layout_square_large":false,"post_slider_layout_landscape":false,"post_slider_layout_portrait":false,"post_slider_layout_square":false},"uagb_author_info":{"display_name":"admin","author_link":"https:\/\/www.calec-dz.org\/?author=1"},"uagb_comment_info":0,"uagb_excerpt":"pr\u00e9sentation des membres PROFESSEURS \/ CHERCHEURS INTERNATIONAUX Ga\u00e9tana QUARANTA \u00a0 Professeur \/Chercheur \/ Analyse de Cycle de Vie \/France Fonction Ma\u00eetre de Conf\u00e9rence \u2013 UdS -Laboratoire d\u2019hydrologie et de G\u00e9ochimie de la Surface \/CNRS, 1 Rue Blessig 67084 Strasbourg cedex \u2013 France\u00a0\u00a0\u00a0\u00a0\u00a0\u00a0\u00a0\u00a0\u00a0\u00a0\u00a0\u00a0\u00a0\u00a0\u00a0\u00a0\u00a0\u00a0\u00a0\u00a0\u00a0\u00a0\u00a0\u00a0\u00a0\u00a0\u00a0\u00a0\u00a0\u00a0\u00a0\u00a0 CV T\u00e9l\u00e9phone 03 68 85 03 79 T\u00e9l\u00e9copie\u00a0: 03 90 24 04 02\u2026","_links":{"self":[{"href":"https:\/\/www.calec-dz.org\/index.php?rest_route=\/wp\/v2\/pages\/386"}],"collection":[{"href":"https:\/\/www.calec-dz.org\/index.php?rest_route=\/wp\/v2\/pages"}],"about":[{"href":"https:\/\/www.calec-dz.org\/index.php?rest_route=\/wp\/v2\/types\/page"}],"author":[{"embeddable":true,"href":"https:\/\/www.calec-dz.org\/index.php?rest_route=\/wp\/v2\/users\/1"}],"replies":[{"embeddable":true,"href":"https:\/\/www.calec-dz.org\/index.php?rest_route=%2Fwp%2Fv2%2Fcomments&post=386"}],"version-history":[{"count":13,"href":"https:\/\/www.calec-dz.org\/index.php?rest_route=\/wp\/v2\/pages\/386\/revisions"}],"predecessor-version":[{"id":466,"href":"https:\/\/www.calec-dz.org\/index.php?rest_route=\/wp\/v2\/pages\/386\/revisions\/466"}],"wp:attachment":[{"href":"https:\/\/www.calec-dz.org\/index.php?rest_route=%2Fwp%2Fv2%2Fmedia&parent=386"}],"curies":[{"name":"wp","href":"https:\/\/api.w.org\/{rel}","templated":true}]}}