{"id":346,"date":"2020-02-08T06:08:26","date_gmt":"2020-02-08T06:08:26","guid":{"rendered":"https:\/\/www.calec-dz.org\/?page_id=346"},"modified":"2021-06-29T10:51:27","modified_gmt":"2021-06-29T10:51:27","slug":"membres","status":"publish","type":"page","link":"https:\/\/www.calec-dz.org\/?page_id=346","title":{"rendered":"FONDATEURS\/SECRETARIAT"},"content":{"rendered":"\t\t<div data-elementor-type=\"wp-page\" data-elementor-id=\"346\" class=\"elementor elementor-346\">\n\t\t\t\t\t\t<section class=\"elementor-section elementor-top-section elementor-element elementor-element-510d261 elementor-section-boxed elementor-section-height-default elementor-section-height-default\" data-id=\"510d261\" data-element_type=\"section\">\n\t\t\t\t\t\t<div class=\"elementor-container elementor-column-gap-default\">\n\t\t\t\t\t<div class=\"elementor-column elementor-col-100 elementor-top-column elementor-element elementor-element-68a28e1\" data-id=\"68a28e1\" data-element_type=\"column\">\n\t\t\t<div class=\"elementor-widget-wrap elementor-element-populated\">\n\t\t\t\t\t\t<div class=\"elementor-element elementor-element-220baa3 elementor-widget elementor-widget-heading\" data-id=\"220baa3\" data-element_type=\"widget\" data-widget_type=\"heading.default\">\n\t\t\t\t<div class=\"elementor-widget-container\">\n\t\t\t<h1 class=\"elementor-heading-title elementor-size-default\">pr\u00e9sentation des Membres<\/h1>\t\t<\/div>\n\t\t\t\t<\/div>\n\t\t\t\t\t<\/div>\n\t\t<\/div>\n\t\t\t\t\t<\/div>\n\t\t<\/section>\n\t\t\t\t<section class=\"elementor-section elementor-top-section elementor-element elementor-element-0f60af5 elementor-section-boxed elementor-section-height-default elementor-section-height-default\" data-id=\"0f60af5\" data-element_type=\"section\">\n\t\t\t\t\t\t<div class=\"elementor-container elementor-column-gap-default\">\n\t\t\t\t\t<div class=\"elementor-column elementor-col-100 elementor-top-column elementor-element elementor-element-0d05fdc\" data-id=\"0d05fdc\" data-element_type=\"column\">\n\t\t\t<div class=\"elementor-widget-wrap elementor-element-populated\">\n\t\t\t\t\t\t<div class=\"elementor-element elementor-element-5f679eb animated-slow elementor-invisible elementor-widget elementor-widget-heading\" data-id=\"5f679eb\" data-element_type=\"widget\" data-settings=\"{&quot;_animation&quot;:&quot;zoomIn&quot;}\" data-widget_type=\"heading.default\">\n\t\t\t\t<div class=\"elementor-widget-container\">\n\t\t\t<h2 class=\"elementor-heading-title elementor-size-default\">FONDATEURS<\/h2>\t\t<\/div>\n\t\t\t\t<\/div>\n\t\t\t\t\t<\/div>\n\t\t<\/div>\n\t\t\t\t\t<\/div>\n\t\t<\/section>\n\t\t\t\t<section class=\"elementor-section elementor-top-section elementor-element elementor-element-09bd92b animated-slow elementor-section-boxed elementor-section-height-default elementor-section-height-default elementor-invisible\" data-id=\"09bd92b\" data-element_type=\"section\" data-settings=\"{&quot;animation&quot;:&quot;zoomIn&quot;}\">\n\t\t\t\t\t\t<div class=\"elementor-container elementor-column-gap-default\">\n\t\t\t\t\t<div class=\"elementor-column elementor-col-100 elementor-top-column elementor-element elementor-element-6ad4187\" data-id=\"6ad4187\" data-element_type=\"column\">\n\t\t\t<div class=\"elementor-widget-wrap elementor-element-populated\">\n\t\t\t\t\t\t<div class=\"elementor-element elementor-element-921747e elementor-widget elementor-widget-text-editor\" data-id=\"921747e\" data-element_type=\"widget\" data-widget_type=\"text-editor.default\">\n\t\t\t\t<div class=\"elementor-widget-container\">\n\t\t\t\t\t\t\t<table style=\"height: 265px;\" width=\"583\"><tbody><tr><td rowspan=\"5\" width=\"111\"><img decoding=\"async\" class=\"aligncenter wp-image-351 size-full\" src=\"http:\/\/www.calec-dz.org\/wp-content\/uploads\/2020\/02\/ouhab.jpg\" alt=\"\" width=\"112\" height=\"133\" \/><\/td><td width=\"111\"><strong>Krim\u00a0 LOUHAB<\/strong><\/td><td width=\"403\"><strong><em>Fondateur \u00a0<\/em><\/strong><\/td><\/tr><tr><td width=\"111\"><strong>Fonction <\/strong><\/td><td width=\"403\"><strong>Professeur- directeur de Recherche \u2013 Universit\u00e9 de Boumerdes &#8211; Alg\u00e9rie\u00a0\u00a0 <\/strong><a href=\"..\/..\/..\/..\/..\/..\/Nouveau%20dossier\/cv\/CV%20%20LOUHAB%20universit\u00e9.doc\">CV<\/a><\/td><\/tr><tr><td width=\"111\"><strong>T\u00e9l\u00e9phone <\/strong><\/td><td width=\"403\">213 0667148363<\/td><\/tr><tr><td width=\"111\"><strong>Courriel <\/strong><\/td><td width=\"403\"><table><tbody><tr><td><a href=\"mailto:Louhab_ka@yahoo.fr\">Louhab_ka@yahoo.fr<\/a><\/td><\/tr><\/tbody><\/table><\/td><\/tr><\/tbody><\/table><table style=\"height: 367px;\" width=\"580\"><tbody><tr><td rowspan=\"5\" width=\"111\"><img decoding=\"async\" class=\"aligncenter wp-image-353 size-full\" src=\"http:\/\/www.calec-dz.org\/wp-content\/uploads\/2020\/02\/baba.jpg\" alt=\"\" width=\"110\" height=\"127\" \/><\/td><td width=\"113\"><strong>Karim\u00a0 BABA<\/strong><\/td><td width=\"416\"><strong><em>Fondateur \u00a0<\/em><\/strong><\/td><\/tr><tr><td width=\"113\"><strong>Fonction <\/strong><\/td><td width=\"416\"><strong>Directeur\u00a0 de la pollution\u00a0 urbaine au niveau MEER et Point Focal National de la Convention de Stockholm sur les Polluants Organiques Persistants <\/strong><strong>&#8211; Alg\u00e9rie\u00a0\u00a0 <\/strong><a href=\"Biography-Kettab-2016-Englais%20(1).pdf\"><strong>CV<\/strong><\/a><\/td><\/tr><tr><td width=\"113\"><strong>T\u00e9l\u00e9phone <\/strong><\/td><td width=\"416\">+213\u00a0771 62 89 92;<\/td><\/tr><tr><td width=\"113\"><strong>Courriel <\/strong><\/td><td width=\"416\"><table><tbody><tr><td><a href=\"mailto:baba.mate@hotmail.com\">baba.mate@hotmail.com<\/a><\/td><\/tr><\/tbody><\/table><\/td><\/tr><\/tbody><\/table><table width=\"640\"><tbody><tr><td rowspan=\"5\" width=\"111\"><img decoding=\"async\" class=\"aligncenter wp-image-356 size-full\" src=\"http:\/\/www.calec-dz.org\/wp-content\/uploads\/2020\/02\/hales.jpg\" alt=\"\" width=\"113\" height=\"145\" \/><\/td><td width=\"108\"><strong>Djamel HALES <\/strong><\/td><td width=\"388\"><strong><em>Pr\u00e9sident \u00a0du \u00a0Conseil\u00a0 Administration <\/em><\/strong><\/td><\/tr><tr><td width=\"108\"><strong>Fonction <\/strong><\/td><td width=\"388\">Directeur G\u00e9n\u00e9ral de l\u2019Institut Alg\u00e9rienne de Normalisation \u2013 Alg\u00e9rie <a href=\"http:\/\/www.ianor.dz\">www.ianor.dz<\/a>\u00a0\u00a0 <strong>\u00a0\u00a0<\/strong><a href=\"..\/..\/..\/..\/..\/..\/Nouveau%20dossier\/cv\/CV%20%20LOUHAB%20universit\u00e9.doc\">CV<\/a><\/td><\/tr><tr><td width=\"108\"><strong>T\u00e9l\u00e9phone <\/strong><\/td><td width=\"388\">213 0561612004<\/td><\/tr><tr><td width=\"108\"><strong>Courriel <\/strong><\/td><td width=\"388\"><table><tbody><tr><td><a href=\"mailto:dg@jianor.dz\">dg@jianor.dz<\/a>\u00a0\u00a0\u00a0\u00a0\u00a0 ;\u00a0\u00a0 <a href=\"mailto:djamel_hales@yahoo.fr\">djamel_hales@yahoo.fr<\/a><\/td><\/tr><\/tbody><\/table><\/td><\/tr><\/tbody><\/table><table width=\"649\"><tbody><tr><td rowspan=\"4\" width=\"111\"><img loading=\"lazy\" decoding=\"async\" class=\"aligncenter wp-image-360 size-full\" src=\"http:\/\/www.calec-dz.org\/wp-content\/uploads\/2020\/02\/Mohamadi.jpg\" alt=\"\" width=\"120\" height=\"147\" \/><\/td><td width=\"80\"><strong>Kamal MOHAMMEDI <\/strong><\/td><td width=\"415\"><strong><em>Pr\u00e9sident \u00a0du Comit\u00e9 Scientifique <\/em><\/strong><\/td><\/tr><tr><td width=\"122\"><strong>Fonction <\/strong><\/td><td width=\"415\">Professeur \u2013 Universit\u00e9 de Boumerdes \u2013Alg\u00e9rie (UMBB)<strong>&#8211; Alg\u00e9rie\u00a0\u00a0 <\/strong><a href=\"Biography-Kettab-2016-Englais%20(1).pdf\">CV<\/a><\/td><\/tr><tr><td width=\"122\"><strong>T\u00e9l\u00e9phone <\/strong><\/td><td width=\"415\">+ 213 (0) 552\u00a0236\u00a0791<\/td><\/tr><tr><td width=\"122\"><strong>Courriel <\/strong><\/td><td width=\"415\"><table><tbody><tr><td><a href=\"mailto:Mohammedi.kamal@univ-boumerdes.dz\">Mohammedi.kamal@univ-boumerdes.dz<\/a>\u00a0; <a href=\"mailto:mohammedik@yahoo.fr\">mohammedik@yahoo.fr<\/a><\/td><\/tr><\/tbody><\/table><\/td><\/tr><\/tbody><\/table><p>\u00a0<\/p>\t\t\t\t\t\t<\/div>\n\t\t\t\t<\/div>\n\t\t\t\t\t<\/div>\n\t\t<\/div>\n\t\t\t\t\t<\/div>\n\t\t<\/section>\n\t\t\t\t<section class=\"elementor-section elementor-top-section elementor-element elementor-element-7bc3104 animated-slow elementor-section-boxed elementor-section-height-default elementor-section-height-default elementor-invisible\" data-id=\"7bc3104\" data-element_type=\"section\" data-settings=\"{&quot;animation&quot;:&quot;zoomIn&quot;}\">\n\t\t\t\t\t\t<div class=\"elementor-container elementor-column-gap-default\">\n\t\t\t\t\t<div class=\"elementor-column elementor-col-100 elementor-top-column elementor-element elementor-element-0ceacd1\" data-id=\"0ceacd1\" data-element_type=\"column\">\n\t\t\t<div class=\"elementor-widget-wrap elementor-element-populated\">\n\t\t\t\t\t\t<div class=\"elementor-element elementor-element-6203262 elementor-widget elementor-widget-heading\" data-id=\"6203262\" data-element_type=\"widget\" data-widget_type=\"heading.default\">\n\t\t\t\t<div class=\"elementor-widget-container\">\n\t\t\t<h2 class=\"elementor-heading-title elementor-size-default\">SECRETARIAT<\/h2>\t\t<\/div>\n\t\t\t\t<\/div>\n\t\t\t\t\t<\/div>\n\t\t<\/div>\n\t\t\t\t\t<\/div>\n\t\t<\/section>\n\t\t\t\t<section class=\"elementor-section elementor-top-section elementor-element elementor-element-95cc633 animated-slow elementor-section-boxed elementor-section-height-default elementor-section-height-default elementor-invisible\" data-id=\"95cc633\" data-element_type=\"section\" data-settings=\"{&quot;animation&quot;:&quot;zoomIn&quot;}\">\n\t\t\t\t\t\t<div class=\"elementor-container elementor-column-gap-default\">\n\t\t\t\t\t<div class=\"elementor-column elementor-col-100 elementor-top-column elementor-element elementor-element-7d28bc2\" data-id=\"7d28bc2\" data-element_type=\"column\">\n\t\t\t<div class=\"elementor-widget-wrap elementor-element-populated\">\n\t\t\t\t\t\t<div class=\"elementor-element elementor-element-0895c3e elementor-widget elementor-widget-text-editor\" data-id=\"0895c3e\" data-element_type=\"widget\" data-widget_type=\"text-editor.default\">\n\t\t\t\t<div class=\"elementor-widget-container\">\n\t\t\t\t\t\t\t<table width=\"659\">\n<tbody>\n<tr>\n<td rowspan=\"5\" width=\"111\"><img loading=\"lazy\" decoding=\"async\" class=\"alignnone size-full wp-image-369\" src=\"http:\/\/www.calec-dz.org\/wp-content\/uploads\/2020\/02\/azzouzen.jpg\" alt=\"\" width=\"127\" height=\"153\" \/><\/td>\n<td width=\"106\"><strong>Noudjoub MEBARKI \u00e9pse AZZZOUNE <\/strong><\/td>\n<td width=\"395\"><strong><em>Professeur \/Chercheur \/ Alg\u00e9rie<\/em><\/strong><\/td>\n<\/tr>\n<tr>\n<td width=\"106\"><strong>Fonction <\/strong><\/td>\n<td width=\"395\">Maitre assistante\/ Doctorante en Industrie Pharmaceutique, Laboratoire de Recherche Technologie Alimentaire, Universit\u00e9 de Boumerdes, Alg\u00e9rie\u00a0\u00a0\u00a0\u00a0\u00a0\u00a0\u00a0\u00a0\u00a0\u00a0 \u00a0<a href=\"Biography-Kettab-2016-Englais%20(1).pdf\">CV<\/a><\/td>\n<\/tr>\n<tr>\n<td width=\"106\"><strong>T\u00e9l\u00e9phone <\/strong><\/td>\n<td width=\"395\">+213 (0) 24911116 \/ (0) 777624915 \/ (0) 553691174\n\n<strong>\u00a0<\/strong><\/td>\n<\/tr>\n<tr>\n<td width=\"106\"><strong>Courriel <\/strong><\/td>\n<td width=\"395\">\n<table>\n<tbody>\n<tr>\n<td><a href=\"mailto:noudjoumdellys@yahoo.fr\">noudjoumdellys@yahoo.fr<\/a><\/td>\n<\/tr>\n<\/tbody>\n<\/table>\n<\/td>\n<\/tr>\n<\/tbody>\n<\/table>\n<table width=\"659\">\n<tbody>\n<tr>\n<td rowspan=\"5\" width=\"111\"><img loading=\"lazy\" decoding=\"async\" class=\"alignnone size-full wp-image-376\" src=\"http:\/\/www.calec-dz.org\/wp-content\/uploads\/2020\/02\/fatma.jpg\" alt=\"\" width=\"132\" height=\"168\" \/><\/td>\n<td width=\"106\"><strong>Fatma MEDJDOUB<\/strong>\n\n&nbsp;<\/td>\n<td width=\"395\"><strong><em>Doctorat \u00a0en G\u00e9nie des Proc\u00e9d\u00e9s \u00a0\u00a0\/ Alg\u00e9rie<\/em><\/strong><\/td>\n<\/tr>\n<tr>\n<td width=\"106\"><strong>Fonction <\/strong><\/td>\n<td width=\"395\">Secr\u00e9tariat de la Revue Algerian Journal of Environnemtal Science and Technology (ALJEST), <a href=\"http:\/\/www.aljest.webs.com\">www.aljest.webs.com<\/a> , Alg\u00e9rie\u00a0\u00a0\u00a0\u00a0\u00a0\u00a0\u00a0\u00a0\u00a0\u00a0 \u00a0<a href=\"Biography-Kettab-2016-Englais%20(1).pdf\">CV<\/a><\/td>\n<\/tr>\n<tr>\n<td width=\"106\"><strong>T\u00e9l\u00e9phone <\/strong><\/td>\n<td width=\"395\">+213 (0) 24911116 \/ (0)664.52.87.44\/ (0)774.14.72.13<\/td>\n<\/tr>\n<tr>\n<td width=\"106\"><strong>Courriel <\/strong><\/td>\n<td width=\"395\">\n<table>\n<tbody>\n<tr>\n<td><a href=\"mailto:fatma.medjdoub@yahoo.fr\">fatma.medjdoub@yahoo.fr<\/a><\/td>\n<\/tr>\n<\/tbody>\n<\/table>\n<\/td>\n<\/tr>\n<\/tbody>\n<\/table>\t\t\t\t\t\t<\/div>\n\t\t\t\t<\/div>\n\t\t\t\t\t<\/div>\n\t\t<\/div>\n\t\t\t\t\t<\/div>\n\t\t<\/section>\n\t\t\t\t<\/div>\n\t\t","protected":false},"excerpt":{"rendered":"<p>pr\u00e9sentation des Membres FONDATEURS Krim\u00a0 LOUHAB Fondateur \u00a0 Fonction Professeur- directeur de Recherche \u2013 Universit\u00e9 de Boumerdes &#8211; Alg\u00e9rie\u00a0\u00a0 CV T\u00e9l\u00e9phone 213 0667148363 Courriel Louhab_ka@yahoo.fr Karim\u00a0 BABA Fondateur \u00a0 Fonction Directeur\u00a0 de la pollution\u00a0 urbaine au niveau MEER et Point Focal National de la Convention de Stockholm sur les Polluants Organiques Persistants &#8211; Alg\u00e9rie\u00a0\u00a0 CV [&hellip;]<\/p>\n","protected":false},"author":1,"featured_media":0,"parent":0,"menu_order":0,"comment_status":"closed","ping_status":"closed","template":"elementor_header_footer","meta":{"_regular_price":[],"currency_symbol":[],"_uag_custom_page_level_css":"","footnotes":""},"post_slider_layout_featured_media_urls":{"thumbnail":"","post_slider_layout_landscape_large":"","post_slider_layout_portrait_large":"","post_slider_layout_square_large":"","post_slider_layout_landscape":"","post_slider_layout_portrait":"","post_slider_layout_square":"","full":""},"uagb_featured_image_src":{"full":false,"thumbnail":false,"medium":false,"medium_large":false,"large":false,"ug_big":false,"1536x1536":false,"2048x2048":false,"post_slider_layout_landscape_large":false,"post_slider_layout_portrait_large":false,"post_slider_layout_square_large":false,"post_slider_layout_landscape":false,"post_slider_layout_portrait":false,"post_slider_layout_square":false},"uagb_author_info":{"display_name":"admin","author_link":"https:\/\/www.calec-dz.org\/?author=1"},"uagb_comment_info":0,"uagb_excerpt":"pr\u00e9sentation des Membres FONDATEURS Krim\u00a0 LOUHAB Fondateur \u00a0 Fonction Professeur- directeur de Recherche \u2013 Universit\u00e9 de Boumerdes &#8211; Alg\u00e9rie\u00a0\u00a0 CV T\u00e9l\u00e9phone 213 0667148363 Courriel Louhab_ka@yahoo.fr Karim\u00a0 BABA Fondateur \u00a0 Fonction Directeur\u00a0 de la pollution\u00a0 urbaine au niveau MEER et Point Focal National de la Convention de Stockholm sur les Polluants Organiques Persistants &#8211; Alg\u00e9rie\u00a0\u00a0 CV\u2026","_links":{"self":[{"href":"https:\/\/www.calec-dz.org\/index.php?rest_route=\/wp\/v2\/pages\/346"}],"collection":[{"href":"https:\/\/www.calec-dz.org\/index.php?rest_route=\/wp\/v2\/pages"}],"about":[{"href":"https:\/\/www.calec-dz.org\/index.php?rest_route=\/wp\/v2\/types\/page"}],"author":[{"embeddable":true,"href":"https:\/\/www.calec-dz.org\/index.php?rest_route=\/wp\/v2\/users\/1"}],"replies":[{"embeddable":true,"href":"https:\/\/www.calec-dz.org\/index.php?rest_route=%2Fwp%2Fv2%2Fcomments&post=346"}],"version-history":[{"count":31,"href":"https:\/\/www.calec-dz.org\/index.php?rest_route=\/wp\/v2\/pages\/346\/revisions"}],"predecessor-version":[{"id":634,"href":"https:\/\/www.calec-dz.org\/index.php?rest_route=\/wp\/v2\/pages\/346\/revisions\/634"}],"wp:attachment":[{"href":"https:\/\/www.calec-dz.org\/index.php?rest_route=%2Fwp%2Fv2%2Fmedia&parent=346"}],"curies":[{"name":"wp","href":"https:\/\/api.w.org\/{rel}","templated":true}]}}