{"id":146,"date":"2019-10-21T22:16:47","date_gmt":"2019-10-21T22:16:47","guid":{"rendered":"https:\/\/www.calec-dz.org\/?page_id=146"},"modified":"2022-01-04T08:31:06","modified_gmt":"2022-01-04T08:31:06","slug":"actualites","status":"publish","type":"page","link":"https:\/\/www.calec-dz.org\/?page_id=146","title":{"rendered":"Actualit\u00e9s"},"content":{"rendered":"\t\t<div data-elementor-type=\"wp-page\" data-elementor-id=\"146\" class=\"elementor elementor-146\">\n\t\t\t\t\t\t<section class=\"elementor-section elementor-top-section elementor-element elementor-element-66eaf9c elementor-section-boxed elementor-section-height-default elementor-section-height-default\" data-id=\"66eaf9c\" data-element_type=\"section\">\n\t\t\t\t\t\t<div class=\"elementor-container elementor-column-gap-default\">\n\t\t\t\t\t<div class=\"elementor-column elementor-col-100 elementor-top-column elementor-element elementor-element-f4f8023 elementor-invisible\" data-id=\"f4f8023\" data-element_type=\"column\" data-settings=\"{&quot;animation&quot;:&quot;zoomIn&quot;}\">\n\t\t\t<div class=\"elementor-widget-wrap elementor-element-populated\">\n\t\t\t\t\t\t<div class=\"elementor-element elementor-element-582474d elementor-widget elementor-widget-image\" data-id=\"582474d\" data-element_type=\"widget\" data-widget_type=\"image.default\">\n\t\t\t\t<div class=\"elementor-widget-container\">\n\t\t\t\t\t\t\t\t\t\t\t\t\t<img decoding=\"async\" src=\"http:\/\/www.calec-dz.org\/wp-content\/uploads\/2022\/01\/18-01-2022g.jpg\" title=\"\" alt=\"\" loading=\"lazy\" \/>\t\t\t\t\t\t\t\t\t\t\t\t\t<\/div>\n\t\t\t\t<\/div>\n\t\t\t\t\t<\/div>\n\t\t<\/div>\n\t\t\t\t\t<\/div>\n\t\t<\/section>\n\t\t\t\t<section class=\"elementor-section elementor-top-section elementor-element elementor-element-1c2e85a elementor-section-boxed elementor-section-height-default elementor-section-height-default\" data-id=\"1c2e85a\" data-element_type=\"section\">\n\t\t\t\t\t\t<div class=\"elementor-container elementor-column-gap-default\">\n\t\t\t\t\t<div class=\"elementor-column elementor-col-100 elementor-top-column elementor-element elementor-element-5856620 animated-slow elementor-invisible\" data-id=\"5856620\" data-element_type=\"column\" data-settings=\"{&quot;background_background&quot;:&quot;gradient&quot;,&quot;animation&quot;:&quot;zoomInDown&quot;}\">\n\t\t\t<div class=\"elementor-widget-wrap elementor-element-populated\">\n\t\t\t\t\t\t<div class=\"elementor-element elementor-element-7a8d736 elementor-invisible elementor-widget elementor-widget-text-editor\" data-id=\"7a8d736\" data-element_type=\"widget\" data-settings=\"{&quot;_animation&quot;:&quot;zoomInDown&quot;}\" data-widget_type=\"text-editor.default\">\n\t\t\t\t<div class=\"elementor-widget-container\">\n\t\t\t\t\t\t\t<h4 style=\"text-align: center;\"><em><b>Association nationale d\u2019Eco-conception, Analyse de Cycle de vie et D\u00e9veloppement <\/b><b>D<\/b><b>urable \u2018\u2019Soci\u00e9t\u00e9 Savant<\/b><b>e\u2019\u2019\u00a0\u00a0\u00a0\u00a0\u00a0\u00a0 <\/b><u><b>Membre R\u00e9seau des Clubs UNESCO<\/b><\/u><\/em><\/h4><h4 style=\"text-align: center;\"><em><span style=\"color: #ff0000;\"><b>En partenariat avec<\/b><\/span><\/em><\/h4><p><b>\u00a0<\/b><\/p><h4 style=\"text-align: center;\"><em><span style=\"color: #000080;\"><b>Centre Alg\u00e9rien d\u2019Economie Circulaire<\/b><\/span><\/em><\/h4>\t\t\t\t\t\t<\/div>\n\t\t\t\t<\/div>\n\t\t\t\t\t<\/div>\n\t\t<\/div>\n\t\t\t\t\t<\/div>\n\t\t<\/section>\n\t\t\t\t<section class=\"elementor-section elementor-top-section elementor-element elementor-element-ca50d0e elementor-section-boxed elementor-section-height-default elementor-section-height-default\" data-id=\"ca50d0e\" data-element_type=\"section\">\n\t\t\t\t\t\t<div class=\"elementor-container elementor-column-gap-default\">\n\t\t\t\t\t<div class=\"elementor-column elementor-col-100 elementor-top-column elementor-element elementor-element-5ee831d\" data-id=\"5ee831d\" data-element_type=\"column\">\n\t\t\t<div class=\"elementor-widget-wrap elementor-element-populated\">\n\t\t\t\t\t\t<div class=\"elementor-element elementor-element-b4b94e4 elementor-invisible elementor-widget elementor-widget-text-editor\" data-id=\"b4b94e4\" data-element_type=\"widget\" data-settings=\"{&quot;_animation&quot;:&quot;flash&quot;}\" data-widget_type=\"text-editor.default\">\n\t\t\t\t<div class=\"elementor-widget-container\">\n\t\t\t\t\t\t\t<h4 style=\"text-align: center;\"><b><em>Organisent\u00a0<\/em> \u00a0 Le <\/b><u><b>18 <\/b><\/u><u><b>et <\/b><\/u><u><b>19<\/b><\/u><u><b>Janvier 2022 <\/b><\/u><\/h4>\t\t\t\t\t\t<\/div>\n\t\t\t\t<\/div>\n\t\t\t\t\t<\/div>\n\t\t<\/div>\n\t\t\t\t\t<\/div>\n\t\t<\/section>\n\t\t\t\t<section class=\"elementor-section elementor-top-section elementor-element elementor-element-bbffd0a elementor-section-boxed elementor-section-height-default elementor-section-height-default\" data-id=\"bbffd0a\" data-element_type=\"section\">\n\t\t\t\t\t\t<div class=\"elementor-container elementor-column-gap-default\">\n\t\t\t\t\t<div class=\"elementor-column elementor-col-100 elementor-top-column elementor-element elementor-element-ed6107c\" data-id=\"ed6107c\" data-element_type=\"column\">\n\t\t\t<div class=\"elementor-widget-wrap elementor-element-populated\">\n\t\t\t\t\t\t<div class=\"elementor-element elementor-element-0c025cb elementor-invisible elementor-widget elementor-widget-text-editor\" data-id=\"0c025cb\" data-element_type=\"widget\" data-settings=\"{&quot;_animation&quot;:&quot;fadeInDown&quot;}\" data-widget_type=\"text-editor.default\">\n\t\t\t\t<div class=\"elementor-widget-container\">\n\t\t\t\t\t\t\t<h3 style=\"text-align: center;\"><b>\u00a0\u00a0\u00a0\u00a0\u00a0\u00a0\u00a0\u00a0\u00a0\u00a0\u00a0\u00a0\u00a0\u00a0\u00a0<span style=\"color: #ff0000;\"><em>\u00a0 Conf\u00e9rence\u00a0 nationale<\/em><\/span><\/b><\/h3>\t\t\t\t\t\t<\/div>\n\t\t\t\t<\/div>\n\t\t\t\t\t<\/div>\n\t\t<\/div>\n\t\t\t\t\t<\/div>\n\t\t<\/section>\n\t\t\t\t<section class=\"elementor-section elementor-top-section elementor-element elementor-element-38a3bc1 elementor-section-boxed elementor-section-height-default elementor-section-height-default\" data-id=\"38a3bc1\" data-element_type=\"section\">\n\t\t\t\t\t\t<div class=\"elementor-container elementor-column-gap-default\">\n\t\t\t\t\t<div class=\"elementor-column elementor-col-100 elementor-top-column elementor-element elementor-element-46101b9\" data-id=\"46101b9\" data-element_type=\"column\" data-settings=\"{&quot;background_background&quot;:&quot;gradient&quot;}\">\n\t\t\t<div class=\"elementor-widget-wrap elementor-element-populated\">\n\t\t\t\t\t\t<div class=\"elementor-element elementor-element-ba57741 elementor-invisible elementor-widget elementor-widget-text-editor\" data-id=\"ba57741\" data-element_type=\"widget\" data-settings=\"{&quot;_animation&quot;:&quot;fadeInDown&quot;}\" data-widget_type=\"text-editor.default\">\n\t\t\t\t<div class=\"elementor-widget-container\">\n\t\t\t\t\t\t\t<h2 style=\"text-align: center;\"><b><i>Egalit\u00e9 des genres dans la pr\u00e9servation de l\u2019environnement, \u00e9conomie verte et d\u00e9veloppement durable<\/i><\/b><b>\u00a0<\/b><\/h2>\t\t\t\t\t\t<\/div>\n\t\t\t\t<\/div>\n\t\t\t\t\t<\/div>\n\t\t<\/div>\n\t\t\t\t\t<\/div>\n\t\t<\/section>\n\t\t\t\t<section class=\"elementor-section elementor-top-section elementor-element elementor-element-55bc81b elementor-section-boxed elementor-section-height-default elementor-section-height-default\" data-id=\"55bc81b\" data-element_type=\"section\">\n\t\t\t\t\t\t<div class=\"elementor-container elementor-column-gap-default\">\n\t\t\t\t\t<div class=\"elementor-column elementor-col-100 elementor-top-column elementor-element elementor-element-cbc2d04\" data-id=\"cbc2d04\" data-element_type=\"column\" data-settings=\"{&quot;background_background&quot;:&quot;gradient&quot;}\">\n\t\t\t<div class=\"elementor-widget-wrap elementor-element-populated\">\n\t\t\t\t\t\t<div class=\"elementor-element elementor-element-fc2912c elementor-invisible elementor-widget elementor-widget-text-editor\" data-id=\"fc2912c\" data-element_type=\"widget\" data-settings=\"{&quot;_animation&quot;:&quot;slideInLeft&quot;}\" data-widget_type=\"text-editor.default\">\n\t\t\t\t<div class=\"elementor-widget-container\">\n\t\t\t\t\t\t\t<h4 style=\"text-align: center;\"><span style=\"color: #ff0000;\"><b><i>Pr\u00e9sident d&#8217;honneur<span style=\"color: #000000;\">\u00a0<br \/>Mme BOUHARA Nadia Secr\u00e9taire g\u00e9n\u00e9rale de la commission national\u00a0 Alg\u00e9rienne pour l\u2019UNESCO<\/span><\/i><\/b><\/span><\/h4>\t\t\t\t\t\t<\/div>\n\t\t\t\t<\/div>\n\t\t\t\t\t<\/div>\n\t\t<\/div>\n\t\t\t\t\t<\/div>\n\t\t<\/section>\n\t\t\t\t<section class=\"elementor-section elementor-top-section elementor-element elementor-element-5eb75e4 elementor-section-boxed elementor-section-height-default elementor-section-height-default\" data-id=\"5eb75e4\" data-element_type=\"section\">\n\t\t\t\t\t\t<div class=\"elementor-container elementor-column-gap-default\">\n\t\t\t\t\t<div class=\"elementor-column elementor-col-100 elementor-top-column elementor-element elementor-element-97e893b\" data-id=\"97e893b\" data-element_type=\"column\" data-settings=\"{&quot;background_background&quot;:&quot;gradient&quot;}\">\n\t\t\t<div class=\"elementor-widget-wrap elementor-element-populated\">\n\t\t\t\t\t\t<div class=\"elementor-element elementor-element-f4b7467 elementor-invisible elementor-widget elementor-widget-text-editor\" data-id=\"f4b7467\" data-element_type=\"widget\" data-settings=\"{&quot;_animation&quot;:&quot;fadeInLeft&quot;}\" data-widget_type=\"text-editor.default\">\n\t\t\t\t<div class=\"elementor-widget-container\">\n\t\t\t\t\t\t\t<h4 style=\"text-align: center;\"><b><i><span style=\"color: #ff0000;\">Pr\u00e9sident<\/span><br \/><\/i><\/b><\/h4><h4 style=\"text-align: center;\"><b><i>Pr<\/i><\/b> <b><i>LOUHAB <\/i><\/b><b><i>Krim<\/i><\/b><b><i>\u00a0 <\/i><\/b><\/h4><h4 style=\"text-align: center;\"><b><i>Pr YAHIAOUI Karima<\/i><\/b><\/h4><h4 style=\"text-align: center;\"><b>(Association nationale d\u2019Eco-conception, Analyse de Cycle de vie et D\u00e9veloppement Durable<\/b><b><i> )<\/i><\/b><\/h4><h4 style=\"text-align: center;\"><b><i>\u00a0<\/i><\/b><\/h4>\t\t\t\t\t\t<\/div>\n\t\t\t\t<\/div>\n\t\t\t\t\t<\/div>\n\t\t<\/div>\n\t\t\t\t\t<\/div>\n\t\t<\/section>\n\t\t\t\t<section class=\"elementor-section elementor-top-section elementor-element elementor-element-e95afd2 elementor-section-boxed elementor-section-height-default elementor-section-height-default\" data-id=\"e95afd2\" data-element_type=\"section\">\n\t\t\t\t\t\t<div class=\"elementor-container elementor-column-gap-default\">\n\t\t\t\t\t<div class=\"elementor-column elementor-col-100 elementor-top-column elementor-element elementor-element-0c8350d\" data-id=\"0c8350d\" data-element_type=\"column\">\n\t\t\t<div class=\"elementor-widget-wrap elementor-element-populated\">\n\t\t\t\t\t\t<section class=\"elementor-section elementor-inner-section elementor-element elementor-element-b40caaa elementor-section-boxed elementor-section-height-default elementor-section-height-default\" data-id=\"b40caaa\" data-element_type=\"section\">\n\t\t\t\t\t\t<div class=\"elementor-container elementor-column-gap-default\">\n\t\t\t\t\t<div class=\"elementor-column elementor-col-50 elementor-inner-column elementor-element elementor-element-c41aa2f elementor-invisible\" data-id=\"c41aa2f\" data-element_type=\"column\" data-settings=\"{&quot;background_background&quot;:&quot;gradient&quot;,&quot;animation&quot;:&quot;fadeInLeft&quot;}\">\n\t\t\t<div class=\"elementor-widget-wrap elementor-element-populated\">\n\t\t\t\t\t\t<div class=\"elementor-element elementor-element-a7ec668 elementor-widget elementor-widget-text-editor\" data-id=\"a7ec668\" data-element_type=\"widget\" data-widget_type=\"text-editor.default\">\n\t\t\t\t<div class=\"elementor-widget-container\">\n\t\t\t\t\t\t\t<h4 style=\"text-align: right;\"><em><strong>D\u00e9pliant 18 ET 19 JANVIER<\/strong><\/em><\/h4>\t\t\t\t\t\t<\/div>\n\t\t\t\t<\/div>\n\t\t\t\t\t<\/div>\n\t\t<\/div>\n\t\t\t\t<div class=\"elementor-column elementor-col-50 elementor-inner-column elementor-element elementor-element-d7d40d4\" data-id=\"d7d40d4\" data-element_type=\"column\">\n\t\t\t<div class=\"elementor-widget-wrap elementor-element-populated\">\n\t\t\t\t\t\t<div class=\"elementor-element elementor-element-41796a6 elementor-view-default elementor-invisible elementor-widget elementor-widget-icon\" data-id=\"41796a6\" data-element_type=\"widget\" data-settings=\"{&quot;_animation&quot;:&quot;flash&quot;}\" data-widget_type=\"icon.default\">\n\t\t\t\t<div class=\"elementor-widget-container\">\n\t\t\t\t\t<div class=\"elementor-icon-wrapper\">\n\t\t\t<a class=\"elementor-icon\" href=\"https:\/\/www.calec-dz.org\/wp-content\/uploads\/2022\/01\/depliant-egalitec.pdf\">\n\t\t\t<i aria-hidden=\"true\" class=\"fas fa-file-pdf\"><\/i>\t\t\t<\/a>\n\t\t<\/div>\n\t\t\t\t<\/div>\n\t\t\t\t<\/div>\n\t\t\t\t\t<\/div>\n\t\t<\/div>\n\t\t\t\t\t<\/div>\n\t\t<\/section>\n\t\t\t\t\t<\/div>\n\t\t<\/div>\n\t\t\t\t\t<\/div>\n\t\t<\/section>\n\t\t\t\t<\/div>\n\t\t","protected":false},"excerpt":{"rendered":"<p>Association nationale d\u2019Eco-conception, Analyse de Cycle de vie et D\u00e9veloppement Durable \u2018\u2019Soci\u00e9t\u00e9 Savante\u2019\u2019\u00a0\u00a0\u00a0\u00a0\u00a0\u00a0 Membre R\u00e9seau des Clubs UNESCO En partenariat avec \u00a0 Centre Alg\u00e9rien d\u2019Economie Circulaire Organisent\u00a0 \u00a0 Le 18 et 19Janvier 2022 \u00a0\u00a0\u00a0\u00a0\u00a0\u00a0\u00a0\u00a0\u00a0\u00a0\u00a0\u00a0\u00a0\u00a0\u00a0\u00a0 Conf\u00e9rence\u00a0 nationale Egalit\u00e9 des genres dans la pr\u00e9servation de l\u2019environnement, \u00e9conomie verte et d\u00e9veloppement durable\u00a0 Pr\u00e9sident d&#8217;honneur\u00a0Mme BOUHARA Nadia Secr\u00e9taire g\u00e9n\u00e9rale [&hellip;]<\/p>\n","protected":false},"author":1,"featured_media":0,"parent":0,"menu_order":0,"comment_status":"closed","ping_status":"closed","template":"elementor_header_footer","meta":{"_regular_price":[],"currency_symbol":[],"_uag_custom_page_level_css":"","footnotes":""},"post_slider_layout_featured_media_urls":{"thumbnail":"","post_slider_layout_landscape_large":"","post_slider_layout_portrait_large":"","post_slider_layout_square_large":"","post_slider_layout_landscape":"","post_slider_layout_portrait":"","post_slider_layout_square":"","full":""},"uagb_featured_image_src":{"full":false,"thumbnail":false,"medium":false,"medium_large":false,"large":false,"ug_big":false,"1536x1536":false,"2048x2048":false,"post_slider_layout_landscape_large":false,"post_slider_layout_portrait_large":false,"post_slider_layout_square_large":false,"post_slider_layout_landscape":false,"post_slider_layout_portrait":false,"post_slider_layout_square":false},"uagb_author_info":{"display_name":"admin","author_link":"https:\/\/www.calec-dz.org\/?author=1"},"uagb_comment_info":0,"uagb_excerpt":"Association nationale d\u2019Eco-conception, Analyse de Cycle de vie et D\u00e9veloppement Durable \u2018\u2019Soci\u00e9t\u00e9 Savante\u2019\u2019\u00a0\u00a0\u00a0\u00a0\u00a0\u00a0 Membre R\u00e9seau des Clubs UNESCO En partenariat avec \u00a0 Centre Alg\u00e9rien d\u2019Economie Circulaire Organisent\u00a0 \u00a0 Le 18 et 19Janvier 2022 \u00a0\u00a0\u00a0\u00a0\u00a0\u00a0\u00a0\u00a0\u00a0\u00a0\u00a0\u00a0\u00a0\u00a0\u00a0\u00a0 Conf\u00e9rence\u00a0 nationale Egalit\u00e9 des genres dans la pr\u00e9servation de l\u2019environnement, \u00e9conomie verte et d\u00e9veloppement durable\u00a0 Pr\u00e9sident d&#8217;honneur\u00a0Mme BOUHARA Nadia Secr\u00e9taire g\u00e9n\u00e9rale\u2026","_links":{"self":[{"href":"https:\/\/www.calec-dz.org\/index.php?rest_route=\/wp\/v2\/pages\/146"}],"collection":[{"href":"https:\/\/www.calec-dz.org\/index.php?rest_route=\/wp\/v2\/pages"}],"about":[{"href":"https:\/\/www.calec-dz.org\/index.php?rest_route=\/wp\/v2\/types\/page"}],"author":[{"embeddable":true,"href":"https:\/\/www.calec-dz.org\/index.php?rest_route=\/wp\/v2\/users\/1"}],"replies":[{"embeddable":true,"href":"https:\/\/www.calec-dz.org\/index.php?rest_route=%2Fwp%2Fv2%2Fcomments&post=146"}],"version-history":[{"count":56,"href":"https:\/\/www.calec-dz.org\/index.php?rest_route=\/wp\/v2\/pages\/146\/revisions"}],"predecessor-version":[{"id":1736,"href":"https:\/\/www.calec-dz.org\/index.php?rest_route=\/wp\/v2\/pages\/146\/revisions\/1736"}],"wp:attachment":[{"href":"https:\/\/www.calec-dz.org\/index.php?rest_route=%2Fwp%2Fv2%2Fmedia&parent=146"}],"curies":[{"name":"wp","href":"https:\/\/api.w.org\/{rel}","templated":true}]}}